{"id":539,"date":"2026-02-22T15:26:17","date_gmt":"2026-02-22T20:26:17","guid":{"rendered":"https:\/\/ntremblay.dectim.ca\/digico\/?page_id=539"},"modified":"2026-05-02T13:51:54","modified_gmt":"2026-05-02T17:51:54","slug":"illustrateur","status":"publish","type":"page","link":"https:\/\/ntremblay.dectim.ca\/digico\/illustrateur\/","title":{"rendered":"Illustrateur"},"content":{"rendered":"\n<div style=\"background-image:url(&apos;https:\/\/ntremblay.dectim.ca\/digico\/wp-content\/uploads\/2026\/03\/ChatGPT-Image-9-mars-2026-a\u0300-11_53_11-1-1.jpg&apos;);background-position:50% 41%;background-size:cover;\" class=\"wp-block-group alignfull is-layout-constrained wp-block-group-is-layout-constrained has-background\">\n<div class=\"wp-block-columns is-layout-flex wp-container-core-columns-is-layout-45c10ec9 wp-block-columns-is-layout-flex\" style=\"margin-top:var(--wp--preset--spacing--60);margin-bottom:var(--wp--preset--spacing--60)\">\n<div class=\"wp-block-column is-layout-flow wp-block-column-is-layout-flow\" style=\"flex-basis:40%\">\n<figure class=\"wp-block-image size-full is-resized animated slideInLeft\"><img loading=\"lazy\" decoding=\"async\" width=\"702\" height=\"879\" src=\"https:\/\/ntremblay.dectim.ca\/digico\/wp-content\/uploads\/2026\/05\/Membre1.png\" alt=\"\" class=\"wp-image-1469\" style=\"object-fit:cover;width:418px;height:auto\" srcset=\"https:\/\/ntremblay.dectim.ca\/digico\/wp-content\/uploads\/2026\/05\/Membre1.png 702w, https:\/\/ntremblay.dectim.ca\/digico\/wp-content\/uploads\/2026\/05\/Membre1-240x300.png 240w, https:\/\/ntremblay.dectim.ca\/digico\/wp-content\/uploads\/2026\/05\/Membre1-500x626.png 500w\" sizes=\"auto, (max-width: 702px) 100vw, 702px\" \/><\/figure>\n<\/div>\n\n\n\n<div class=\"wp-block-column is-vertically-aligned-center is-layout-flow wp-block-column-is-layout-flow\" style=\"flex-basis:60%\">\n<div class=\"wp-block-group is-content-justification-center is-layout-constrained wp-block-group-is-layout-constrained\">\n<h1 class=\"wp-block-heading has-ast-global-color-3-color has-text-color has-link-color wp-elements-22e58627b6f7588cf28ec5a75726dc67\">Gabriel Dupras-Schaydleur<\/h1>\n\n\n\n<p>Surdou\u00e9 pour ces illustrations, Gabriel am\u00e8ne son <strong>talent<\/strong> et sa <strong>cr\u00e9ativit\u00e9<\/strong> \u00e0 Digico et montre comment l&rsquo;illustration fait une diff\u00e9rence dans un site web.<\/p>\n<\/div>\n\n\n\n<div class=\"wp-block-group has-ast-global-color-3-color has-text-color has-link-color wp-elements-ae527b7753b9dd95a392f434b3af9be8 is-layout-constrained wp-container-core-group-is-layout-346627ba wp-block-group-is-layout-constrained\">\n<h4 class=\"wp-block-heading has-ast-global-color-8-color has-text-color has-link-color wp-elements-ebb725ca227aa1418df3b4af7a3ed5a6\">R\u00e9seaux<\/h4>\n\n\n\n<ul class=\"wp-block-social-links has-large-icon-size has-icon-color has-icon-background-color is-nowrap is-layout-flex wp-container-core-social-links-is-layout-79a3ba6a wp-block-social-links-is-layout-flex\" style=\"margin-top:var(--wp--preset--spacing--30);margin-right:0;margin-bottom:var(--wp--preset--spacing--60);padding-top:0;padding-right:0;padding-bottom:0;padding-left:0\"><li style=\"color:#ffffff;background-color:var(--ast-global-color-8);\" class=\"wp-social-link wp-social-link-youtube has-white-color has-ast-global-color-8-background-color wp-block-social-link\"><a href=\"https:\/\/www.youtube.com\/\" class=\"wp-block-social-link-anchor\"><svg width=\"24\" height=\"24\" viewBox=\"0 0 24 24\" version=\"1.1\" xmlns=\"http:\/\/www.w3.org\/2000\/svg\" aria-hidden=\"true\" focusable=\"false\"><path d=\"M21.8,8.001c0,0-0.195-1.378-0.795-1.985c-0.76-0.797-1.613-0.801-2.004-0.847c-2.799-0.202-6.997-0.202-6.997-0.202 h-0.009c0,0-4.198,0-6.997,0.202C4.608,5.216,3.756,5.22,2.995,6.016C2.395,6.623,2.2,8.001,2.2,8.001S2,9.62,2,11.238v1.517 c0,1.618,0.2,3.237,0.2,3.237s0.195,1.378,0.795,1.985c0.761,0.797,1.76,0.771,2.205,0.855c1.6,0.153,6.8,0.201,6.8,0.201 s4.203-0.006,7.001-0.209c0.391-0.047,1.243-0.051,2.004-0.847c0.6-0.607,0.795-1.985,0.795-1.985s0.2-1.618,0.2-3.237v-1.517 C22,9.62,21.8,8.001,21.8,8.001z M9.935,14.594l-0.001-5.62l5.404,2.82L9.935,14.594z\"><\/path><\/svg><span class=\"wp-block-social-link-label screen-reader-text\">YouTube<\/span><\/a><\/li>\n\n<li style=\"color:#ffffff;background-color:var(--ast-global-color-8);\" class=\"wp-social-link wp-social-link-instagram has-white-color has-ast-global-color-8-background-color wp-block-social-link\"><a href=\"https:\/\/www.instagram.com\/\" class=\"wp-block-social-link-anchor\"><svg width=\"24\" height=\"24\" viewBox=\"0 0 24 24\" version=\"1.1\" xmlns=\"http:\/\/www.w3.org\/2000\/svg\" aria-hidden=\"true\" focusable=\"false\"><path d=\"M12,4.622c2.403,0,2.688,0.009,3.637,0.052c0.877,0.04,1.354,0.187,1.671,0.31c0.42,0.163,0.72,0.358,1.035,0.673 c0.315,0.315,0.51,0.615,0.673,1.035c0.123,0.317,0.27,0.794,0.31,1.671c0.043,0.949,0.052,1.234,0.052,3.637 s-0.009,2.688-0.052,3.637c-0.04,0.877-0.187,1.354-0.31,1.671c-0.163,0.42-0.358,0.72-0.673,1.035 c-0.315,0.315-0.615,0.51-1.035,0.673c-0.317,0.123-0.794,0.27-1.671,0.31c-0.949,0.043-1.233,0.052-3.637,0.052 s-2.688-0.009-3.637-0.052c-0.877-0.04-1.354-0.187-1.671-0.31c-0.42-0.163-0.72-0.358-1.035-0.673 c-0.315-0.315-0.51-0.615-0.673-1.035c-0.123-0.317-0.27-0.794-0.31-1.671C4.631,14.688,4.622,14.403,4.622,12 s0.009-2.688,0.052-3.637c0.04-0.877,0.187-1.354,0.31-1.671c0.163-0.42,0.358-0.72,0.673-1.035 c0.315-0.315,0.615-0.51,1.035-0.673c0.317-0.123,0.794-0.27,1.671-0.31C9.312,4.631,9.597,4.622,12,4.622 M12,3 C9.556,3,9.249,3.01,8.289,3.054C7.331,3.098,6.677,3.25,6.105,3.472C5.513,3.702,5.011,4.01,4.511,4.511 c-0.5,0.5-0.808,1.002-1.038,1.594C3.25,6.677,3.098,7.331,3.054,8.289C3.01,9.249,3,9.556,3,12c0,2.444,0.01,2.751,0.054,3.711 c0.044,0.958,0.196,1.612,0.418,2.185c0.23,0.592,0.538,1.094,1.038,1.594c0.5,0.5,1.002,0.808,1.594,1.038 c0.572,0.222,1.227,0.375,2.185,0.418C9.249,20.99,9.556,21,12,21s2.751-0.01,3.711-0.054c0.958-0.044,1.612-0.196,2.185-0.418 c0.592-0.23,1.094-0.538,1.594-1.038c0.5-0.5,0.808-1.002,1.038-1.594c0.222-0.572,0.375-1.227,0.418-2.185 C20.99,14.751,21,14.444,21,12s-0.01-2.751-0.054-3.711c-0.044-0.958-0.196-1.612-0.418-2.185c-0.23-0.592-0.538-1.094-1.038-1.594 c-0.5-0.5-1.002-0.808-1.594-1.038c-0.572-0.222-1.227-0.375-2.185-0.418C14.751,3.01,14.444,3,12,3L12,3z M12,7.378 c-2.552,0-4.622,2.069-4.622,4.622S9.448,16.622,12,16.622s4.622-2.069,4.622-4.622S14.552,7.378,12,7.378z M12,15 c-1.657,0-3-1.343-3-3s1.343-3,3-3s3,1.343,3,3S13.657,15,12,15z M16.804,6.116c-0.596,0-1.08,0.484-1.08,1.08 s0.484,1.08,1.08,1.08c0.596,0,1.08-0.484,1.08-1.08S17.401,6.116,16.804,6.116z\"><\/path><\/svg><span class=\"wp-block-social-link-label screen-reader-text\">Instagram<\/span><\/a><\/li>\n\n<li style=\"color:#ffffff;background-color:var(--ast-global-color-8);\" class=\"wp-social-link wp-social-link-linkedin has-white-color has-ast-global-color-8-background-color wp-block-social-link\"><a href=\"https:\/\/www.linkedin.com\/\" class=\"wp-block-social-link-anchor\"><svg width=\"24\" height=\"24\" viewBox=\"0 0 24 24\" version=\"1.1\" xmlns=\"http:\/\/www.w3.org\/2000\/svg\" aria-hidden=\"true\" focusable=\"false\"><path d=\"M19.7,3H4.3C3.582,3,3,3.582,3,4.3v15.4C3,20.418,3.582,21,4.3,21h15.4c0.718,0,1.3-0.582,1.3-1.3V4.3 C21,3.582,20.418,3,19.7,3z M8.339,18.338H5.667v-8.59h2.672V18.338z M7.004,8.574c-0.857,0-1.549-0.694-1.549-1.548 c0-0.855,0.691-1.548,1.549-1.548c0.854,0,1.547,0.694,1.547,1.548C8.551,7.881,7.858,8.574,7.004,8.574z M18.339,18.338h-2.669 v-4.177c0-0.996-0.017-2.278-1.387-2.278c-1.389,0-1.601,1.086-1.601,2.206v4.249h-2.667v-8.59h2.559v1.174h0.037 c0.356-0.675,1.227-1.387,2.526-1.387c2.703,0,3.203,1.779,3.203,4.092V18.338z\"><\/path><\/svg><span class=\"wp-block-social-link-label screen-reader-text\">LinkedIn<\/span><\/a><\/li><\/ul>\n<\/div>\n<\/div>\n<\/div>\n<\/div>\n\n\n\n<div class=\"wp-block-group alignfull is-layout-constrained wp-block-group-is-layout-constrained\">\n<h2 class=\"wp-block-heading has-ast-global-color-8-color has-text-color has-link-color wp-elements-8093a264c5ba72b6ca05e0031d38ee70\">Illustrateur<\/h2>\n\n\n\n<p>Le travail d\u2019illustrateur consiste \u00e0 cr\u00e9er des images pour repr\u00e9senter des id\u00e9es dans des projets comme des sites web, publicit\u00e9s, livres ou jeux vid\u00e9o.<br><\/p>\n<\/div>\n\n\n\n<div class=\"wp-block-group alignfull is-layout-constrained wp-block-group-is-layout-constrained\">\n<div class=\"wp-block-columns is-layout-flex wp-container-core-columns-is-layout-28f84493 wp-block-columns-is-layout-flex\">\n<div class=\"wp-block-column is-layout-flow wp-block-column-is-layout-flow\">\n<h2 class=\"wp-block-heading has-ast-global-color-8-color has-text-color has-link-color wp-elements-3f1d7809637bd53f77fd29f1b22ce5ab\">T\u00e2ches principales<\/h2>\n\n\n\n<div id=\"wp-block-themeisle-blocks-timeline-bf90009e\" class=\"wp-block-themeisle-blocks-timeline\"><div class=\"o-timeline-root\">\n<div id=\"wp-block-themeisle-blocks-timeline-item-8d9ccba8\" class=\"wp-block-themeisle-blocks-timeline-item\"><div class=\"o-timeline-container\"><div class=\"o-timeline-icon\"><i class=\"fas fa-circle\"><\/i><\/div><div class=\"o-timeline-content\">\n<ul class=\"wp-block-list\">\n<li>Cr\u00e9er des <strong>illustrations<\/strong><\/li>\n<\/ul>\n<\/div><\/div><\/div>\n\n\n\n<div id=\"wp-block-themeisle-blocks-timeline-item-45d3cd65\" class=\"wp-block-themeisle-blocks-timeline-item\"><div class=\"o-timeline-container\"><div class=\"o-timeline-icon\"><i class=\"fas fa-circle\"><\/i><\/div><div class=\"o-timeline-content\">\n<ul class=\"wp-block-list\">\n<li>Faire des <strong>croquis<\/strong><\/li>\n<\/ul>\n<\/div><\/div><\/div>\n\n\n\n<div id=\"wp-block-themeisle-blocks-timeline-item-cd7e8ccc\" class=\"wp-block-themeisle-blocks-timeline-item\"><div class=\"o-timeline-container\"><div class=\"o-timeline-icon\"><i class=\"fas fa-circle\"><\/i><\/div><div class=\"o-timeline-content\">\n<ul class=\"wp-block-list\">\n<li>Discuter avec les <strong>clients<\/strong><\/li>\n<\/ul>\n<\/div><\/div><\/div>\n\n\n\n<div id=\"wp-block-themeisle-blocks-timeline-item-5b2b061a\" class=\"wp-block-themeisle-blocks-timeline-item\"><div class=\"o-timeline-container\"><div class=\"o-timeline-icon\"><i class=\"fas fa-circle\"><\/i><\/div><div class=\"o-timeline-content\">\n<ul class=\"wp-block-list\">\n<li>Modifier des <strong>visuels<\/strong><\/li>\n<\/ul>\n<\/div><\/div><\/div>\n\n\n\n<div id=\"wp-block-themeisle-blocks-timeline-item-ece5568a\" class=\"wp-block-themeisle-blocks-timeline-item\"><div class=\"o-timeline-container\"><div class=\"o-timeline-icon\"><i class=\"fas fa-circle\"><\/i><\/div><div class=\"o-timeline-content\">\n<ul class=\"wp-block-list\">\n<li>Participer \u00e0 des <strong>projets multim\u00e9dias<\/strong><\/li>\n<\/ul>\n<\/div><\/div><\/div>\n<\/div><\/div>\n<\/div>\n\n\n\n<div class=\"wp-block-column is-vertically-aligned-center is-layout-flow wp-block-column-is-layout-flow\">\n<div id=\"wp-block-themeisle-blocks-flip-1067aec1\" class=\"wp-block-themeisle-blocks-flip anim flipY has-light-back-bg\"><div class=\"o-flip-inner\"><div class=\"o-flip-front\"><div class=\"o-flip-content\"><h3>Comp\u00e9tences<\/h3><p> <\/p><\/div><\/div><div class=\"o-flip-back\">\n<ul class=\"wp-block-list ticss-f0000e82\">\n<li>Dessin et cr\u00e9ativit\u00e9<\/li>\n\n\n\n<li>Ma\u00eetrise des logiciels (Photoshop, Illustrator)<\/li>\n\n\n\n<li>Sens du d\u00e9tail<\/li>\n\n\n\n<li>Communication<\/li>\n<\/ul>\n<\/div><\/div><\/div>\n\n\n\n<div id=\"wp-block-themeisle-blocks-flip-33bb3f94\" class=\"wp-block-themeisle-blocks-flip anim flipY has-light-back-bg\"><div class=\"o-flip-inner\"><div class=\"o-flip-front\"><div class=\"o-flip-content\"><h3>Environnement<\/h3><p> <\/p><\/div><\/div><div class=\"o-flip-back\">\n<p>Travaille en studio ou \u00e0 la maison avec :<\/p>\n\n\n\n<ul class=\"wp-block-list ticss-8ec69984\">\n<li>Tablette graphique<\/li>\n\n\n\n<li>Logiciels de dessin<\/li>\n\n\n\n<li>\u00c9quipe cr\u00e9ative<\/li>\n<\/ul>\n<\/div><\/div><\/div>\n\n\n\n<div id=\"wp-block-themeisle-blocks-flip-7c79ca59\" class=\"wp-block-themeisle-blocks-flip anim flipY has-light-back-bg\"><div class=\"o-flip-inner\"><div class=\"o-flip-front\"><div class=\"o-flip-content\"><h3>Formation<\/h3><p> <\/p><\/div><\/div><div class=\"o-flip-back\">\n<ul class=\"wp-block-list ticss-f1725338\">\n<li>DEC en design graphique ou illustration<\/li>\n\n\n\n<li>Portfolio tr\u00e8s important<\/li>\n<\/ul>\n<\/div><\/div><\/div>\n<\/div>\n<\/div>\n<\/div>\n\n\n\n<div class=\"wp-block-group alignfull is-layout-constrained wp-block-group-is-layout-constrained\">\n<div class=\"wp-block-columns is-layout-flex wp-container-core-columns-is-layout-28f84493 wp-block-columns-is-layout-flex\">\n<div class=\"wp-block-column is-layout-flow wp-block-column-is-layout-flow\">\n<h3 class=\"wp-block-heading has-ast-global-color-8-color has-text-color has-link-color wp-elements-e689dfb888c4a6a33fe6a7ca07b9190a\">Salaire<\/h3>\n\n\n\n<ul class=\"wp-block-list\">\n<li>Environ <strong>20 $ \u00e0 50 $\/heure<\/strong> (variable selon exp\u00e9rience)<\/li>\n<\/ul>\n<\/div>\n\n\n\n<div class=\"wp-block-column is-layout-flow wp-block-column-is-layout-flow\">\n<h3 class=\"wp-block-heading has-ast-global-color-8-color has-text-color has-link-color wp-elements-140a4afe47f2aceeb3a4a033cff18e28\">Perspectives<\/h3>\n\n\n\n<ul class=\"wp-block-list\">\n<li>Comp\u00e9tition \u00e9lev\u00e9e<\/li>\n\n\n\n<li>Opportunit\u00e9s en jeux vid\u00e9o, web et publicit\u00e9<\/li>\n<\/ul>\n<\/div>\n\n\n\n<div class=\"wp-block-column is-layout-flow wp-block-column-is-layout-flow\">\n<h3 class=\"wp-block-heading has-ast-global-color-8-color has-text-color has-link-color wp-elements-f6d09516f2086cd6d7b14269a8c24d62\">\u00c9volution<\/h3>\n\n\n\n<ul class=\"wp-block-list\">\n<li>Directeur artistique<\/li>\n\n\n\n<li>Designer graphique<\/li>\n\n\n\n<li>Illustrateur freelance<\/li>\n<\/ul>\n<\/div>\n<\/div>\n<\/div>\n","protected":false},"excerpt":{"rendered":"<p>Gabriel Dupras-Schaydleur Surdou\u00e9 pour ces illustrations, Gabriel am\u00e8ne son talent et sa cr\u00e9ativit\u00e9 \u00e0 Digico et montre comment l&rsquo;illustration fait [&hellip;]<\/p>\n","protected":false},"author":2,"featured_media":0,"parent":0,"menu_order":0,"comment_status":"closed","ping_status":"closed","template":"","meta":{"site-sidebar-layout":"default","site-content-layout":"","ast-site-content-layout":"default","site-content-style":"default","site-sidebar-style":"default","ast-global-header-display":"","ast-banner-title-visibility":"","ast-main-header-display":"","ast-hfb-above-header-display":"","ast-hfb-below-header-display":"","ast-hfb-mobile-header-display":"","site-post-title":"disabled","ast-breadcrumbs-content":"","ast-featured-img":"","footer-sml-layout":"","ast-disable-related-posts":"","theme-transparent-header-meta":"","adv-header-id-meta":"","stick-header-meta":"","header-above-stick-meta":"","header-main-stick-meta":"","header-below-stick-meta":"","astra-migrate-meta-layouts":"default","ast-page-background-enabled":"default","ast-page-background-meta":{"desktop":{"background-color":"var(--ast-global-color-5)","background-image":"","background-repeat":"repeat","background-position":"center center","background-size":"auto","background-attachment":"scroll","background-type":"","background-media":"","overlay-type":"","overlay-color":"","overlay-opacity":"","overlay-gradient":""},"tablet":{"background-color":"","background-image":"","background-repeat":"repeat","background-position":"center center","background-size":"auto","background-attachment":"scroll","background-type":"","background-media":"","overlay-type":"","overlay-color":"","overlay-opacity":"","overlay-gradient":""},"mobile":{"background-color":"","background-image":"","background-repeat":"repeat","background-position":"center center","background-size":"auto","background-attachment":"scroll","background-type":"","background-media":"","overlay-type":"","overlay-color":"","overlay-opacity":"","overlay-gradient":""}},"ast-content-background-meta":{"desktop":{"background-color":"var(--ast-global-color-4)","background-image":"","background-repeat":"repeat","background-position":"center center","background-size":"auto","background-attachment":"scroll","background-type":"","background-media":"","overlay-type":"","overlay-color":"","overlay-opacity":"","overlay-gradient":""},"tablet":{"background-color":"var(--ast-global-color-4)","background-image":"","background-repeat":"repeat","background-position":"center center","background-size":"auto","background-attachment":"scroll","background-type":"","background-media":"","overlay-type":"","overlay-color":"","overlay-opacity":"","overlay-gradient":""},"mobile":{"background-color":"var(--ast-global-color-4)","background-image":"","background-repeat":"repeat","background-position":"center center","background-size":"auto","background-attachment":"scroll","background-type":"","background-media":"","overlay-type":"","overlay-color":"","overlay-opacity":"","overlay-gradient":""}},"_themeisle_gutenberg_block_has_review":false,"footnotes":""},"class_list":["post-539","page","type-page","status-publish","hentry"],"_links":{"self":[{"href":"https:\/\/ntremblay.dectim.ca\/digico\/wp-json\/wp\/v2\/pages\/539","targetHints":{"allow":["GET"]}}],"collection":[{"href":"https:\/\/ntremblay.dectim.ca\/digico\/wp-json\/wp\/v2\/pages"}],"about":[{"href":"https:\/\/ntremblay.dectim.ca\/digico\/wp-json\/wp\/v2\/types\/page"}],"author":[{"embeddable":true,"href":"https:\/\/ntremblay.dectim.ca\/digico\/wp-json\/wp\/v2\/users\/2"}],"replies":[{"embeddable":true,"href":"https:\/\/ntremblay.dectim.ca\/digico\/wp-json\/wp\/v2\/comments?post=539"}],"version-history":[{"count":43,"href":"https:\/\/ntremblay.dectim.ca\/digico\/wp-json\/wp\/v2\/pages\/539\/revisions"}],"predecessor-version":[{"id":1676,"href":"https:\/\/ntremblay.dectim.ca\/digico\/wp-json\/wp\/v2\/pages\/539\/revisions\/1676"}],"wp:attachment":[{"href":"https:\/\/ntremblay.dectim.ca\/digico\/wp-json\/wp\/v2\/media?parent=539"}],"curies":[{"name":"wp","href":"https:\/\/api.w.org\/{rel}","templated":true}]}}