{"id":32,"date":"2026-02-09T10:38:42","date_gmt":"2026-02-09T15:38:42","guid":{"rendered":"https:\/\/ntremblay.dectim.ca\/digico\/?page_id=32"},"modified":"2026-05-04T00:36:41","modified_gmt":"2026-05-04T04:36:41","slug":"portfolios","status":"publish","type":"page","link":"https:\/\/ntremblay.dectim.ca\/digico\/portfolios\/","title":{"rendered":"Portfolios"},"content":{"rendered":"\n<div class=\"wp-block-cover alignfull has-aspect-ratio\" style=\"padding-top:250px;padding-bottom:250px;min-height:50px;aspect-ratio:auto;min-height:unset;\"><img loading=\"lazy\" decoding=\"async\" width=\"1200\" height=\"800\" class=\"wp-block-cover__image-background wp-image-980 size-full\" alt=\"\" src=\"https:\/\/ntremblay.dectim.ca\/digico\/wp-content\/uploads\/2026\/03\/unsplash_PkOmxH8VX3o.jpg\" data-object-fit=\"cover\" srcset=\"https:\/\/ntremblay.dectim.ca\/digico\/wp-content\/uploads\/2026\/03\/unsplash_PkOmxH8VX3o.jpg 1200w, https:\/\/ntremblay.dectim.ca\/digico\/wp-content\/uploads\/2026\/03\/unsplash_PkOmxH8VX3o-300x200.jpg 300w, https:\/\/ntremblay.dectim.ca\/digico\/wp-content\/uploads\/2026\/03\/unsplash_PkOmxH8VX3o-1024x683.jpg 1024w, https:\/\/ntremblay.dectim.ca\/digico\/wp-content\/uploads\/2026\/03\/unsplash_PkOmxH8VX3o-768x512.jpg 768w\" sizes=\"auto, (max-width: 1200px) 100vw, 1200px\" \/><span aria-hidden=\"true\" class=\"wp-block-cover__background has-black-background-color has-background-dim-70 has-background-dim\"><\/span><div class=\"wp-block-cover__inner-container is-layout-constrained wp-container-core-cover-is-layout-891c9861 wp-block-cover-is-layout-constrained\">\n<h2 class=\"wp-block-heading has-text-align-left has-white-color has-text-color has-link-color wp-elements-b18afc6de2e7467dea3d59b928961d40\" style=\"font-size:64px\">Nos Portfolio<\/h2>\n\n\n\n<div class=\"wp-block-group is-layout-constrained wp-container-core-group-is-layout-ba75fb5d wp-block-group-is-layout-constrained\" style=\"padding-left:var(--wp--preset--spacing--50)\">\n<h2 class=\"wp-block-heading has-ast-global-color-4-color has-text-color has-link-color wp-elements-4a485e0b8d754e5200af0100bf5e8e6f\">Venez voir ce que nous faisons<\/h2>\n<\/div>\n<\/div><\/div>\n\n\n\n<div class=\"wp-block-group alignwide is-vertical is-content-justification-stretch is-layout-flex wp-container-core-group-is-layout-cc354353 wp-block-group-is-layout-flex\" style=\"margin-top:50px;margin-bottom:50px;padding-top:0;padding-right:0;padding-bottom:0;padding-left:0\">\n<div class=\"wp-block-group alignwide ticss-801843f7 animated slideInLeft is-nowrap is-layout-flex wp-container-core-group-is-layout-e3498df8 wp-block-group-is-layout-flex\" style=\"padding-top:0;padding-right:0;padding-bottom:0;padding-left:0\">\n<div class=\"wp-block-group ticss-438c0f1a has-background is-layout-flow wp-block-group-is-layout-flow\" style=\"border-top-left-radius:30px;border-bottom-left-radius:30px;background-color:#86f4d6;margin-top:0;margin-bottom:0;padding-top:0;padding-right:0;padding-bottom:0;padding-left:0;box-shadow:var(--wp--preset--shadow--natural)\">\n<figure class=\"wp-block-image size-large ticss-f6f0b7bc is-style-default\"><img loading=\"lazy\" decoding=\"async\" width=\"725\" height=\"1024\" src=\"https:\/\/ntremblay.dectim.ca\/digico\/wp-content\/uploads\/2026\/05\/imgfolio-725x1024.png\" alt=\"\" class=\"wp-image-1487\" srcset=\"https:\/\/ntremblay.dectim.ca\/digico\/wp-content\/uploads\/2026\/05\/imgfolio-725x1024.png 725w, https:\/\/ntremblay.dectim.ca\/digico\/wp-content\/uploads\/2026\/05\/imgfolio-212x300.png 212w, https:\/\/ntremblay.dectim.ca\/digico\/wp-content\/uploads\/2026\/05\/imgfolio-768x1085.png 768w, https:\/\/ntremblay.dectim.ca\/digico\/wp-content\/uploads\/2026\/05\/imgfolio-500x706.png 500w, https:\/\/ntremblay.dectim.ca\/digico\/wp-content\/uploads\/2026\/05\/imgfolio-800x1130.png 800w, https:\/\/ntremblay.dectim.ca\/digico\/wp-content\/uploads\/2026\/05\/imgfolio.png 1011w\" sizes=\"auto, (max-width: 725px) 100vw, 725px\" \/><\/figure>\n<\/div>\n\n\n\n<div class=\"wp-block-group ticss-ba1e4bd1 has-ast-global-color-4-background-color has-background is-layout-constrained wp-container-core-group-is-layout-f93eb9a8 wp-block-group-is-layout-constrained\" style=\"border-top-left-radius:30px;border-top-right-radius:30px;border-bottom-left-radius:0px;border-bottom-right-radius:30px;padding-top:var(--wp--preset--spacing--40);padding-right:var(--wp--preset--spacing--50);padding-bottom:var(--wp--preset--spacing--40);padding-left:var(--wp--preset--spacing--80);box-shadow:var(--wp--preset--shadow--natural)\">\n<div class=\"wp-block-group is-content-justification-space-between is-nowrap is-layout-flex wp-container-core-group-is-layout-11bcd8ad wp-block-group-is-layout-flex\" style=\"border-top-right-radius:30px;margin-top:0;margin-bottom:0;padding-top:0;padding-right:0;padding-bottom:0;padding-left:0\">\n<h1 class=\"wp-block-heading has-ast-global-color-1-color has-text-color has-link-color wp-elements-2dfc08a3a4d53c66aa3836925709b270\" style=\"margin-top:0;margin-right:0;margin-bottom:0;margin-left:0;padding-top:0;padding-right:0;padding-bottom:0;padding-left:0;font-size:62px;font-style:normal;font-weight:900;line-height:0.9\">Montia Vs B-2<\/h1>\n\n\n\n<p class=\"has-ast-global-color-1-color has-text-color has-link-color wp-elements-36e10ba35dec10827466865ca3899361\" style=\"margin-top:0;margin-right:0;margin-bottom:0;margin-left:0;padding-top:0.7rem;padding-right:0;padding-bottom:0.7rem;padding-left:0;font-size:24px\"><strong>Novembre 2025<\/strong><\/p>\n<\/div>\n\n\n\n<div class=\"wp-block-group is-content-justification-space-between is-nowrap is-layout-flex wp-container-core-group-is-layout-c53a89c2 wp-block-group-is-layout-flex\" style=\"padding-right:0;padding-left:0\">\n<p class=\"has-ast-global-color-1-color has-text-color has-link-color wp-elements-b8a1cb76cb0b740e55d077bc719f7638\" style=\"font-size:32px;font-style:normal;font-weight:400\">Projet de Lo\u00efc BF<\/p>\n\n\n\n<figure class=\"wp-block-gallery has-nested-images columns-default is-cropped wp-block-gallery-1 is-layout-flex wp-block-gallery-is-layout-flex\">\n<figure class=\"wp-block-image size-full\"><img loading=\"lazy\" decoding=\"async\" width=\"64\" height=\"64\" data-id=\"1556\" src=\"https:\/\/ntremblay.dectim.ca\/digico\/wp-content\/uploads\/2026\/05\/iconfolio3.png\" alt=\"\" class=\"wp-image-1556\"\/><\/figure>\n\n\n\n<figure class=\"wp-block-image size-full\"><img loading=\"lazy\" decoding=\"async\" width=\"64\" height=\"64\" data-id=\"1562\" src=\"https:\/\/ntremblay.dectim.ca\/digico\/wp-content\/uploads\/2026\/05\/iconfolio6-1.png\" alt=\"\" class=\"wp-image-1562\"\/><\/figure>\n\n\n\n<figure class=\"wp-block-image size-full\"><img loading=\"lazy\" decoding=\"async\" width=\"64\" height=\"64\" data-id=\"1560\" src=\"https:\/\/ntremblay.dectim.ca\/digico\/wp-content\/uploads\/2026\/05\/iconfolio4-1.png\" alt=\"\" class=\"wp-image-1560\"\/><\/figure>\n<\/figure>\n<\/div>\n\n\n\n<hr class=\"wp-block-separator has-text-color has-ast-global-color-1-color has-alpha-channel-opacity has-ast-global-color-1-background-color has-background is-style-wide\" style=\"margin-top:var(--wp--preset--spacing--40);margin-bottom:var(--wp--preset--spacing--40)\"\/>\n\n\n\n<p style=\"margin-top:0;margin-bottom:0;padding-top:0;padding-right:0;padding-bottom:0;padding-left:0;font-size:20px\">Ce projet provient du cours d\u2019animation 3D. Nous devions cr\u00e9er une animation de ce que nous voulions (choix). C&rsquo; est un de mes projets pr\u00e9f\u00e9r\u00e9s \u00e0 produire.<\/p>\n\n\n\n<p style=\"margin-top:0;margin-bottom:0;padding-top:0;padding-right:0;padding-bottom:0;padding-left:0;font-size:20px\">Lorsque le professeur a pr\u00e9sent\u00e9 le projet, je savais d\u00e9j\u00e0 que j\u2019allais transformer un de mes personnages en 3D. J\u2019avais le choix de plusieurs de mes personnages que je voulais transformer en 3D mais j\u2019ai d\u00fb choisir en&#8230;<\/p>\n\n\n\n<div class=\"wp-block-group is-content-justification-space-between is-nowrap is-layout-flex wp-container-core-group-is-layout-cb46ffcb wp-block-group-is-layout-flex\">\n<div class=\"wp-block-buttons is-layout-flex wp-block-buttons-is-layout-flex\">\n<div class=\"wp-block-button has-custom-width wp-block-button__width-100 ticss-7c79e836\"><a class=\"wp-block-button__link has-white-color has-text-color has-background has-link-color has-border-color has-ast-global-color-1-border-color has-custom-font-size wp-element-button\" href=\"https:\/\/ntremblay.dectim.ca\/digico\/portfolio-loic-bf\/\" style=\"border-width:3px;background-color:#ffffff00;box-shadow:none;font-size:16px\">Voir plus +<\/a><\/div>\n<\/div>\n\n\n\n<p class=\"has-text-align-right has-ast-global-color-1-color has-text-color\" style=\"padding-right:0;padding-left:0;font-size:24px;font-style:normal;font-weight:700\">Mod\u00e9lisation 3D<\/p>\n<\/div>\n\n\n\n<p><\/p>\n<\/div>\n<\/div>\n\n\n\n<div class=\"wp-block-group alignwide ticss-801843f7 animated slideInRight is-nowrap is-layout-flex wp-container-core-group-is-layout-e3498df8 wp-block-group-is-layout-flex\" style=\"padding-top:0;padding-right:0;padding-bottom:0;padding-left:0\">\n<div class=\"wp-block-group ticss-ba1e4bd1 has-ast-global-color-4-background-color has-background is-layout-constrained wp-container-core-group-is-layout-68814167 wp-block-group-is-layout-constrained\" style=\"border-top-left-radius:30px;border-top-right-radius:30px;border-bottom-left-radius:30px;border-bottom-right-radius:0px;padding-top:var(--wp--preset--spacing--40);padding-right:var(--wp--preset--spacing--80);padding-bottom:var(--wp--preset--spacing--40);padding-left:var(--wp--preset--spacing--40);box-shadow:var(--wp--preset--shadow--natural)\">\n<div class=\"wp-block-group is-content-justification-space-between is-nowrap is-layout-flex wp-container-core-group-is-layout-11bcd8ad wp-block-group-is-layout-flex\" style=\"border-top-right-radius:30px;margin-top:0;margin-bottom:0;padding-top:0;padding-right:0;padding-bottom:0;padding-left:0\">\n<h1 class=\"wp-block-heading has-ast-global-color-1-color has-text-color has-link-color wp-elements-83ab96cc0cee3a5e05f2553589f25c84\" style=\"margin-top:0;margin-right:0;margin-bottom:0;margin-left:0;padding-top:0;padding-right:0;padding-bottom:0;padding-left:0;font-size:62px;font-style:normal;font-weight:900;line-height:0.9\">Voix du Chaos<\/h1>\n\n\n\n<p class=\"has-ast-global-color-1-color has-text-color has-link-color wp-elements-3d24e80104c3d698d2bdd9c7d42034bd\" style=\"margin-top:0;margin-right:0;margin-bottom:0;margin-left:0;padding-top:0.7rem;padding-right:0;padding-bottom:0.7rem;padding-left:0;font-size:24px\"><strong>D\u00e9cembre 202<\/strong>5<\/p>\n<\/div>\n\n\n\n<div class=\"wp-block-group is-content-justification-space-between is-nowrap is-layout-flex wp-container-core-group-is-layout-c53a89c2 wp-block-group-is-layout-flex\" style=\"padding-right:0;padding-left:0\">\n<p class=\"has-ast-global-color-1-color has-text-color has-link-color wp-elements-13e48a825e868e08020b98f1d2db35ba\" style=\"font-size:32px;font-style:normal;font-weight:400\">Projet de F\u00e9lix Lapointe<\/p>\n\n\n\n<figure class=\"wp-block-gallery has-nested-images columns-default is-cropped wp-block-gallery-2 is-layout-flex wp-block-gallery-is-layout-flex\">\n<figure class=\"wp-block-image size-full\"><img loading=\"lazy\" decoding=\"async\" width=\"64\" height=\"64\" data-id=\"1556\" src=\"https:\/\/ntremblay.dectim.ca\/digico\/wp-content\/uploads\/2026\/05\/iconfolio3.png\" alt=\"\" class=\"wp-image-1556\"\/><\/figure>\n\n\n\n<figure class=\"wp-block-image size-full\"><img loading=\"lazy\" decoding=\"async\" width=\"64\" height=\"64\" data-id=\"1563\" src=\"https:\/\/ntremblay.dectim.ca\/digico\/wp-content\/uploads\/2026\/05\/iconfolio1.png\" alt=\"\" class=\"wp-image-1563\"\/><\/figure>\n\n\n\n<figure class=\"wp-block-image size-full\"><img loading=\"lazy\" decoding=\"async\" width=\"64\" height=\"64\" data-id=\"1564\" src=\"https:\/\/ntremblay.dectim.ca\/digico\/wp-content\/uploads\/2026\/05\/iconfolio7.png\" alt=\"\" class=\"wp-image-1564\"\/><\/figure>\n<\/figure>\n<\/div>\n\n\n\n<hr class=\"wp-block-separator has-text-color has-ast-global-color-1-color has-alpha-channel-opacity has-ast-global-color-1-background-color has-background is-style-wide\" style=\"margin-top:var(--wp--preset--spacing--40);margin-bottom:var(--wp--preset--spacing--40)\"\/>\n\n\n\n<div style=\"height:5px\" aria-hidden=\"true\" class=\"wp-block-spacer\"><\/div>\n\n\n\n<p style=\"margin-top:0;margin-bottom:0;padding-top:0;padding-right:0;padding-bottom:0;padding-left:0;font-size:20px\">Voix du Chaos est un duel entre un magicien et un invocateur. \u00c0 l&rsquo;aide de son b\u00e2ton magique \u00e0 capteur de voix, le magicien peut se d\u00e9fendre contre des multiples monstres que l&rsquo;invocateur peut appara\u00eetre \u00e0 l&rsquo;aide des capteurs RFID.<\/p>\n\n\n\n<div class=\"wp-block-group is-content-justification-space-between is-nowrap is-layout-flex wp-container-core-group-is-layout-cb46ffcb wp-block-group-is-layout-flex\">\n<div class=\"wp-block-buttons is-layout-flex wp-block-buttons-is-layout-flex\">\n<div class=\"wp-block-button has-custom-width wp-block-button__width-100 ticss-ac526f7e\"><a class=\"wp-block-button__link has-white-color has-text-color has-background has-link-color has-border-color has-ast-global-color-1-border-color has-custom-font-size wp-element-button\" href=\"https:\/\/ntremblay.dectim.ca\/digico\/portfolio-felix\/\" style=\"border-width:3px;background-color:#ffffff00;box-shadow:none;font-size:16px\">Voir plus +<\/a><\/div>\n<\/div>\n\n\n\n<p class=\"has-text-align-right has-ast-global-color-1-color has-text-color\" style=\"padding-right:0;padding-left:0;font-size:24px;font-style:normal;font-weight:700\">Interactif<\/p>\n<\/div>\n<\/div>\n\n\n\n<div class=\"wp-block-group ticss-438c0f1a has-background is-layout-flow wp-block-group-is-layout-flow\" style=\"border-top-left-radius:0px;border-top-right-radius:30px;border-bottom-left-radius:0px;border-bottom-right-radius:30px;background-color:#e0cce2;margin-top:0;margin-bottom:0;padding-top:0;padding-right:0;padding-bottom:0;padding-left:0;box-shadow:var(--wp--preset--shadow--natural)\">\n<figure class=\"wp-block-image size-large is-resized ticss-f6f0b7bc is-style-default\"><img loading=\"lazy\" decoding=\"async\" width=\"668\" height=\"1024\" src=\"https:\/\/ntremblay.dectim.ca\/digico\/wp-content\/uploads\/2026\/05\/imgfolio2-668x1024.png\" alt=\"\" class=\"wp-image-1529\" style=\"aspect-ratio:0.65234272522168;width:333px;height:auto\" srcset=\"https:\/\/ntremblay.dectim.ca\/digico\/wp-content\/uploads\/2026\/05\/imgfolio2-668x1024.png 668w, https:\/\/ntremblay.dectim.ca\/digico\/wp-content\/uploads\/2026\/05\/imgfolio2-196x300.png 196w, https:\/\/ntremblay.dectim.ca\/digico\/wp-content\/uploads\/2026\/05\/imgfolio2-768x1177.png 768w, https:\/\/ntremblay.dectim.ca\/digico\/wp-content\/uploads\/2026\/05\/imgfolio2-500x766.png 500w, https:\/\/ntremblay.dectim.ca\/digico\/wp-content\/uploads\/2026\/05\/imgfolio2-800x1226.png 800w, https:\/\/ntremblay.dectim.ca\/digico\/wp-content\/uploads\/2026\/05\/imgfolio2.png 1002w\" sizes=\"auto, (max-width: 668px) 100vw, 668px\" \/><\/figure>\n<\/div>\n<\/div>\n\n\n\n<div class=\"wp-block-group alignwide ticss-801843f7 animated slideInLeft is-nowrap is-layout-flex wp-container-core-group-is-layout-e3498df8 wp-block-group-is-layout-flex\" style=\"padding-top:0;padding-right:0;padding-bottom:0;padding-left:0\">\n<div class=\"wp-block-group ticss-438c0f1a has-background is-layout-flow wp-block-group-is-layout-flow\" style=\"border-top-left-radius:30px;border-bottom-left-radius:30px;background-color:#a69d90;margin-top:0;margin-bottom:0;padding-top:0;padding-right:0;padding-bottom:0;padding-left:0;box-shadow:var(--wp--preset--shadow--natural)\">\n<figure class=\"wp-block-image size-large ticss-f6f0b7bc is-style-default\"><img loading=\"lazy\" decoding=\"async\" width=\"831\" height=\"1024\" src=\"https:\/\/ntremblay.dectim.ca\/digico\/wp-content\/uploads\/2026\/05\/imgfolio3-831x1024.png\" alt=\"\" class=\"wp-image-1530\" srcset=\"https:\/\/ntremblay.dectim.ca\/digico\/wp-content\/uploads\/2026\/05\/imgfolio3-831x1024.png 831w, https:\/\/ntremblay.dectim.ca\/digico\/wp-content\/uploads\/2026\/05\/imgfolio3-244x300.png 244w, https:\/\/ntremblay.dectim.ca\/digico\/wp-content\/uploads\/2026\/05\/imgfolio3-768x946.png 768w, https:\/\/ntremblay.dectim.ca\/digico\/wp-content\/uploads\/2026\/05\/imgfolio3-500x616.png 500w, https:\/\/ntremblay.dectim.ca\/digico\/wp-content\/uploads\/2026\/05\/imgfolio3-800x985.png 800w, https:\/\/ntremblay.dectim.ca\/digico\/wp-content\/uploads\/2026\/05\/imgfolio3.png 1179w\" sizes=\"auto, (max-width: 831px) 100vw, 831px\" \/><\/figure>\n<\/div>\n\n\n\n<div class=\"wp-block-group ticss-ba1e4bd1 has-ast-global-color-4-background-color has-background is-layout-constrained wp-container-core-group-is-layout-f93eb9a8 wp-block-group-is-layout-constrained\" style=\"border-top-left-radius:30px;border-top-right-radius:30px;border-bottom-left-radius:0px;border-bottom-right-radius:30px;padding-top:var(--wp--preset--spacing--40);padding-right:var(--wp--preset--spacing--50);padding-bottom:var(--wp--preset--spacing--40);padding-left:var(--wp--preset--spacing--80);box-shadow:var(--wp--preset--shadow--natural)\">\n<div class=\"wp-block-group is-content-justification-space-between is-nowrap is-layout-flex wp-container-core-group-is-layout-11bcd8ad wp-block-group-is-layout-flex\" style=\"border-top-right-radius:30px;margin-top:0;margin-bottom:0;padding-top:0;padding-right:0;padding-bottom:0;padding-left:0\">\n<h1 class=\"wp-block-heading has-ast-global-color-1-color has-text-color has-link-color wp-elements-899098029c2726a48abfe6d377ae27f0\" style=\"margin-top:0;margin-right:0;margin-bottom:0;margin-left:0;padding-top:0;padding-right:0;padding-bottom:0;padding-left:0;font-size:62px;font-style:normal;font-weight:900;line-height:0.9\">Espace Liminal<\/h1>\n\n\n\n<p class=\"has-ast-global-color-1-color has-text-color has-link-color wp-elements-36e10ba35dec10827466865ca3899361\" style=\"margin-top:0;margin-right:0;margin-bottom:0;margin-left:0;padding-top:0.7rem;padding-right:0;padding-bottom:0.7rem;padding-left:0;font-size:24px\"><strong>Novembre 2025<\/strong><\/p>\n<\/div>\n\n\n\n<div class=\"wp-block-group is-content-justification-space-between is-nowrap is-layout-flex wp-container-core-group-is-layout-c53a89c2 wp-block-group-is-layout-flex\" style=\"padding-right:0;padding-left:0\">\n<p class=\"has-ast-global-color-1-color has-text-color has-link-color wp-elements-408959ce1aea48dada371c8753ad93ee\" style=\"font-size:32px;font-style:normal;font-weight:400\">Projet de Nathan Tremblay<\/p>\n\n\n\n<figure class=\"wp-block-gallery has-nested-images columns-default is-cropped wp-block-gallery-3 is-layout-flex wp-block-gallery-is-layout-flex\">\n<figure class=\"wp-block-image size-full\"><img loading=\"lazy\" decoding=\"async\" width=\"64\" height=\"64\" data-id=\"1556\" src=\"https:\/\/ntremblay.dectim.ca\/digico\/wp-content\/uploads\/2026\/05\/iconfolio3.png\" alt=\"\" class=\"wp-image-1556\"\/><\/figure>\n\n\n\n<figure class=\"wp-block-image size-full\"><img loading=\"lazy\" decoding=\"async\" width=\"64\" height=\"64\" data-id=\"1565\" src=\"https:\/\/ntremblay.dectim.ca\/digico\/wp-content\/uploads\/2026\/05\/iconfolio2.png\" alt=\"\" class=\"wp-image-1565\"\/><\/figure>\n\n\n\n<figure class=\"wp-block-image size-full\"><img loading=\"lazy\" decoding=\"async\" width=\"64\" height=\"64\" data-id=\"1566\" src=\"https:\/\/ntremblay.dectim.ca\/digico\/wp-content\/uploads\/2026\/05\/iconfolio5.png\" alt=\"\" class=\"wp-image-1566\"\/><\/figure>\n<\/figure>\n<\/div>\n\n\n\n<hr class=\"wp-block-separator has-text-color has-ast-global-color-1-color has-alpha-channel-opacity has-ast-global-color-1-background-color has-background is-style-wide\" style=\"margin-top:var(--wp--preset--spacing--40);margin-bottom:var(--wp--preset--spacing--40)\"\/>\n\n\n\n<p style=\"margin-top:0;margin-bottom:0;padding-top:0;padding-right:0;padding-bottom:0;padding-left:0;font-size:20px\">Ce projet est un court m\u00e9trage d&rsquo;horreur qui met en place l&rsquo;h\u00e9ro\u00efne dans un espace liminal infini o\u00f9 elle se rendra compte qu&rsquo;elle n&rsquo;est pas seule.<\/p>\n\n\n\n<p style=\"margin-top:0;margin-bottom:0;padding-top:0;padding-right:0;padding-bottom:0;padding-left:0;font-size:20px\">Bien s\u00fbr quelques assets ont \u00e9t\u00e9 utilis\u00e9s, cependant j&rsquo;avais les droits de ceux-ci et la majeure partie du processus cr\u00e9atif \u00e9tait mon travail malgr\u00e9 tout.<\/p>\n\n\n\n<div style=\"height:5px\" aria-hidden=\"true\" class=\"wp-block-spacer\"><\/div>\n\n\n\n<div class=\"wp-block-group is-content-justification-space-between is-nowrap is-layout-flex wp-container-core-group-is-layout-cb46ffcb wp-block-group-is-layout-flex\">\n<div class=\"wp-block-buttons is-layout-flex wp-block-buttons-is-layout-flex\">\n<div class=\"wp-block-button has-custom-width wp-block-button__width-100 ticss-24f92286\"><a class=\"wp-block-button__link has-white-color has-text-color has-background has-link-color has-border-color has-ast-global-color-1-border-color has-custom-font-size wp-element-button\" href=\"https:\/\/ntremblay.dectim.ca\/digico\/portfolio-Nathan\/\/\" style=\"border-width:3px;background-color:#ffffff00;box-shadow:none;font-size:16px\">Voir plus +<\/a><\/div>\n<\/div>\n\n\n\n<p class=\"has-text-align-right has-ast-global-color-1-color has-text-color\" style=\"padding-right:0;padding-left:0;font-size:24px;font-style:normal;font-weight:700\">Mod\u00e9lisation 3D<\/p>\n<\/div>\n\n\n\n<p><\/p>\n<\/div>\n<\/div>\n<\/div>\n\n\n\n<p><\/p>\n","protected":false},"excerpt":{"rendered":"<p>Montia Vs B-2 Novembre 2025 Projet de Lo\u00efc BF Ce projet provient du cours d\u2019animation 3D. Nous devions cr\u00e9er une [&hellip;]<\/p>\n","protected":false},"author":1,"featured_media":0,"parent":0,"menu_order":0,"comment_status":"closed","ping_status":"closed","template":"","meta":{"site-sidebar-layout":"default","site-content-layout":"","ast-site-content-layout":"default","site-content-style":"default","site-sidebar-style":"default","ast-global-header-display":"","ast-banner-title-visibility":"","ast-main-header-display":"","ast-hfb-above-header-display":"","ast-hfb-below-header-display":"","ast-hfb-mobile-header-display":"","site-post-title":"disabled","ast-breadcrumbs-content":"","ast-featured-img":"","footer-sml-layout":"","ast-disable-related-posts":"","theme-transparent-header-meta":"","adv-header-id-meta":"","stick-header-meta":"","header-above-stick-meta":"","header-main-stick-meta":"","header-below-stick-meta":"","astra-migrate-meta-layouts":"default","ast-page-background-enabled":"default","ast-page-background-meta":{"desktop":{"background-color":"var(--ast-global-color-5)","background-image":"","background-repeat":"repeat","background-position":"center center","background-size":"auto","background-attachment":"scroll","background-type":"","background-media":"","overlay-type":"","overlay-color":"","overlay-opacity":"","overlay-gradient":""},"tablet":{"background-color":"","background-image":"","background-repeat":"repeat","background-position":"center center","background-size":"auto","background-attachment":"scroll","background-type":"","background-media":"","overlay-type":"","overlay-color":"","overlay-opacity":"","overlay-gradient":""},"mobile":{"background-color":"","background-image":"","background-repeat":"repeat","background-position":"center center","background-size":"auto","background-attachment":"scroll","background-type":"","background-media":"","overlay-type":"","overlay-color":"","overlay-opacity":"","overlay-gradient":""}},"ast-content-background-meta":{"desktop":{"background-color":"var(--ast-global-color-4)","background-image":"","background-repeat":"repeat","background-position":"center center","background-size":"auto","background-attachment":"scroll","background-type":"","background-media":"","overlay-type":"","overlay-color":"","overlay-opacity":"","overlay-gradient":""},"tablet":{"background-color":"var(--ast-global-color-4)","background-image":"","background-repeat":"repeat","background-position":"center center","background-size":"auto","background-attachment":"scroll","background-type":"","background-media":"","overlay-type":"","overlay-color":"","overlay-opacity":"","overlay-gradient":""},"mobile":{"background-color":"var(--ast-global-color-4)","background-image":"","background-repeat":"repeat","background-position":"center center","background-size":"auto","background-attachment":"scroll","background-type":"","background-media":"","overlay-type":"","overlay-color":"","overlay-opacity":"","overlay-gradient":""}},"_themeisle_gutenberg_block_has_review":false,"footnotes":""},"class_list":["post-32","page","type-page","status-publish","hentry"],"_links":{"self":[{"href":"https:\/\/ntremblay.dectim.ca\/digico\/wp-json\/wp\/v2\/pages\/32","targetHints":{"allow":["GET"]}}],"collection":[{"href":"https:\/\/ntremblay.dectim.ca\/digico\/wp-json\/wp\/v2\/pages"}],"about":[{"href":"https:\/\/ntremblay.dectim.ca\/digico\/wp-json\/wp\/v2\/types\/page"}],"author":[{"embeddable":true,"href":"https:\/\/ntremblay.dectim.ca\/digico\/wp-json\/wp\/v2\/users\/1"}],"replies":[{"embeddable":true,"href":"https:\/\/ntremblay.dectim.ca\/digico\/wp-json\/wp\/v2\/comments?post=32"}],"version-history":[{"count":128,"href":"https:\/\/ntremblay.dectim.ca\/digico\/wp-json\/wp\/v2\/pages\/32\/revisions"}],"predecessor-version":[{"id":1831,"href":"https:\/\/ntremblay.dectim.ca\/digico\/wp-json\/wp\/v2\/pages\/32\/revisions\/1831"}],"wp:attachment":[{"href":"https:\/\/ntremblay.dectim.ca\/digico\/wp-json\/wp\/v2\/media?parent=32"}],"curies":[{"name":"wp","href":"https:\/\/api.w.org\/{rel}","templated":true}]}}