{"id":24,"date":"2026-02-09T10:36:28","date_gmt":"2026-02-09T15:36:28","guid":{"rendered":"https:\/\/ntremblay.dectim.ca\/digico\/?page_id=24"},"modified":"2026-05-11T14:32:24","modified_gmt":"2026-05-11T18:32:24","slug":"accueil","status":"publish","type":"page","link":"https:\/\/ntremblay.dectim.ca\/digico\/","title":{"rendered":"Digico"},"content":{"rendered":"\n<div class=\"wp-block-nk-awb nk-awb alignfull\" style=\"padding-top:150px;padding-right:50px;padding-bottom:150px;padding-left:50px\"><div class=\"nk-awb-wrap\" data-awb-type=\"image\" data-awb-image-background-size=\"cover\" data-awb-image-background-position=\"50% 50%\"><div class=\"nk-awb-overlay\" style=\"background: #00000087;\"><\/div><div class=\"nk-awb-inner\"><img loading=\"lazy\" decoding=\"async\" src=\"https:\/\/ntremblay.dectim.ca\/digico\/wp-content\/uploads\/2026\/05\/unsplash_ubIWo074QlU.png\" class=\"wp-image-1868 jarallax-img\" width=\"1200\" height=\"801\" srcset=\"https:\/\/ntremblay.dectim.ca\/digico\/wp-content\/uploads\/2026\/05\/unsplash_ubIWo074QlU.png 1200w, https:\/\/ntremblay.dectim.ca\/digico\/wp-content\/uploads\/2026\/05\/unsplash_ubIWo074QlU-300x200.png 300w, https:\/\/ntremblay.dectim.ca\/digico\/wp-content\/uploads\/2026\/05\/unsplash_ubIWo074QlU-1024x684.png 1024w, https:\/\/ntremblay.dectim.ca\/digico\/wp-content\/uploads\/2026\/05\/unsplash_ubIWo074QlU-768x513.png 768w, https:\/\/ntremblay.dectim.ca\/digico\/wp-content\/uploads\/2026\/05\/unsplash_ubIWo074QlU-500x334.png 500w, https:\/\/ntremblay.dectim.ca\/digico\/wp-content\/uploads\/2026\/05\/unsplash_ubIWo074QlU-800x534.png 800w\" sizes=\"auto, (max-width: 1200px) 100vw, 1200px\" \/><\/div><\/div><div class=\"nk-awb-wrap-content is-content-justification-center is-layout-constrained wp-container-nk-awb-is-layout-4efd4871 wp-block-nk-awb-is-layout-constrained\">\n<div class=\"wp-block-group is-vertical is-content-justification-left is-layout-flex wp-container-core-group-is-layout-d70e1d3e wp-block-group-is-layout-flex\" style=\"border-top-left-radius:30px;border-top-right-radius:30px;border-bottom-left-radius:30px;border-bottom-right-radius:30px;padding-top:var(--wp--preset--spacing--50);padding-right:0;padding-bottom:var(--wp--preset--spacing--50);padding-left:0\">\n<figure class=\"wp-block-image aligncenter size-full is-resized\" style=\"margin-top:var(--wp--preset--spacing--40);margin-bottom:var(--wp--preset--spacing--40)\"><img loading=\"lazy\" decoding=\"async\" width=\"1108\" height=\"520\" src=\"https:\/\/ntremblay.dectim.ca\/digico\/wp-content\/uploads\/2026\/03\/Digico-2-1-1.png\" alt=\"\" class=\"wp-image-635\" style=\"box-shadow:none;aspect-ratio:2.130814493651285;width:494px;height:auto\" srcset=\"https:\/\/ntremblay.dectim.ca\/digico\/wp-content\/uploads\/2026\/03\/Digico-2-1-1.png 1108w, https:\/\/ntremblay.dectim.ca\/digico\/wp-content\/uploads\/2026\/03\/Digico-2-1-1-300x141.png 300w, https:\/\/ntremblay.dectim.ca\/digico\/wp-content\/uploads\/2026\/03\/Digico-2-1-1-1024x481.png 1024w, https:\/\/ntremblay.dectim.ca\/digico\/wp-content\/uploads\/2026\/03\/Digico-2-1-1-768x360.png 768w\" sizes=\"auto, (max-width: 1108px) 100vw, 1108px\" \/><\/figure>\n\n\n\n<p class=\"has-text-align-center has-ast-global-color-4-color has-text-color has-link-color wp-elements-bdca635aae9dfef31a9c3ace3e687fb5\" style=\"margin-top:0;margin-right:0;margin-bottom:0;margin-left:0;font-size:24px\">Service<strong> <strong>d\u2019illustration<\/strong> <\/strong>est<strong> <\/strong>de<strong> <strong>design Web<\/strong><\/strong><\/p>\n\n\n\n<p class=\"has-text-align-center has-ast-global-color-4-color has-text-color has-link-color has-medium-font-size wp-elements-2bfe4e025032b3ea02e28e4b13edab79\" style=\"margin-top:0;margin-right:0;margin-bottom:0;margin-left:0\">La r\u00e9f\u00e9rence num\u00e9ro 1 pour commencer<\/p>\n<\/div>\n<\/div><\/div>\n\n\n\n<figure class=\"wp-block-image alignfull size-large is-style-default\"><img loading=\"lazy\" decoding=\"async\" width=\"1024\" height=\"230\" src=\"https:\/\/ntremblay.dectim.ca\/digico\/wp-content\/uploads\/2026\/03\/Desktop-39-1-1024x230.png\" alt=\"\" class=\"wp-image-1041\" srcset=\"https:\/\/ntremblay.dectim.ca\/digico\/wp-content\/uploads\/2026\/03\/Desktop-39-1-1024x230.png 1024w, https:\/\/ntremblay.dectim.ca\/digico\/wp-content\/uploads\/2026\/03\/Desktop-39-1-300x67.png 300w, https:\/\/ntremblay.dectim.ca\/digico\/wp-content\/uploads\/2026\/03\/Desktop-39-1-768x172.png 768w, https:\/\/ntremblay.dectim.ca\/digico\/wp-content\/uploads\/2026\/03\/Desktop-39-1.png 1440w\" sizes=\"auto, (max-width: 1024px) 100vw, 1024px\" \/><\/figure>\n\n\n\n<div class=\"wp-block-group is-content-justification-center is-nowrap is-layout-flex wp-container-core-group-is-layout-18f53caf wp-block-group-is-layout-flex\" style=\"margin-top:var(--wp--preset--spacing--60);margin-bottom:var(--wp--preset--spacing--60);padding-top:0;padding-right:0;padding-bottom:0;padding-left:0\">\n<figure class=\"wp-block-image size-large has-custom-border wp-container-content-9cfa9a5a\"><img loading=\"lazy\" decoding=\"async\" width=\"1024\" height=\"683\" src=\"https:\/\/ntremblay.dectim.ca\/digico\/wp-content\/uploads\/2026\/03\/D109BD9B-4367-4D53-BD03-F85349AFE485_1_105_c-1-1024x683.jpg\" alt=\"\" class=\"wp-image-1034\" style=\"border-top-left-radius:30px;border-top-right-radius:30px;border-bottom-left-radius:30px;border-bottom-right-radius:30px;aspect-ratio:1;object-fit:cover\" srcset=\"https:\/\/ntremblay.dectim.ca\/digico\/wp-content\/uploads\/2026\/03\/D109BD9B-4367-4D53-BD03-F85349AFE485_1_105_c-1-1024x683.jpg 1024w, https:\/\/ntremblay.dectim.ca\/digico\/wp-content\/uploads\/2026\/03\/D109BD9B-4367-4D53-BD03-F85349AFE485_1_105_c-1-300x200.jpg 300w, https:\/\/ntremblay.dectim.ca\/digico\/wp-content\/uploads\/2026\/03\/D109BD9B-4367-4D53-BD03-F85349AFE485_1_105_c-1-768x512.jpg 768w, https:\/\/ntremblay.dectim.ca\/digico\/wp-content\/uploads\/2026\/03\/D109BD9B-4367-4D53-BD03-F85349AFE485_1_105_c-1.jpg 1086w\" sizes=\"auto, (max-width: 1024px) 100vw, 1024px\" \/><\/figure>\n\n\n\n<div class=\"wp-block-group is-vertical is-content-justification-stretch is-layout-flex wp-container-core-group-is-layout-6d3aada9 wp-block-group-is-layout-flex\" style=\"margin-top:var(--wp--preset--spacing--50);margin-bottom:var(--wp--preset--spacing--50);padding-top:0;padding-right:0%;padding-bottom:0;padding-left:0\">\n<h2 class=\"wp-block-heading has-text-align-center has-text-color has-link-color has-large-font-size wp-elements-31ac607ac10eff7b1e20aed5b599c6db\" style=\"color:#27550a\">Avoir un bon visuel et un site web n\u2019est plus une innovation, c&rsquo;est la <strong><span style=\"text-decoration: underline;\">BASE<\/span><\/strong><\/h2>\n\n\n\n<div class=\"wp-block-group is-layout-constrained wp-container-core-group-is-layout-d3543a3b wp-block-group-is-layout-constrained\" style=\"min-height:0px\">\n<div class=\"wp-block-group is-layout-constrained wp-container-core-group-is-layout-19e250f3 wp-block-group-is-layout-constrained\">\n<p class=\"has-text-align-center\" style=\"font-size:24px\">Une identit\u00e9 visuelle forte et un site web bien structur\u00e9 sont essentiels pour la visibilit\u00e9, la cr\u00e9dibilit\u00e9 et la croissance d\u2019une entreprise.<\/p>\n<\/div>\n\n\n\n<div class=\"wp-block-buttons is-content-justification-center is-layout-flex wp-container-core-buttons-is-layout-a89b3969 wp-block-buttons-is-layout-flex\">\n<div class=\"wp-block-button is-style-fill\"><a class=\"wp-block-button__link has-ast-global-color-1-color has-text-color has-link-color wp-element-button\">Nos services<\/a><\/div>\n<\/div>\n<\/div>\n<\/div>\n<\/div>\n\n\n\n\n\n<div class=\"wp-block-media-text has-media-on-the-right is-stacked-on-mobile is-vertically-aligned-top is-image-fill-element\" style=\"border-top-left-radius:10px;border-top-right-radius:10px;border-bottom-left-radius:10px;border-bottom-right-radius:10px;margin-top:var(--wp--preset--spacing--60);margin-bottom:var(--wp--preset--spacing--60);padding-top:0;padding-bottom:0;grid-template-columns:auto 34%\"><div class=\"wp-block-media-text__content\">\n<h2 class=\"wp-block-heading has-ast-global-color-3-color has-text-color has-link-color wp-elements-f27c12eddde06a9f7ca88094b373798d\" style=\"font-size:40px;font-style:normal;font-weight:700\">Qui somme nous?<\/h2>\n\n\n\n<p class=\"has-text-color has-link-color wp-elements-30f00c81d1c1a03d5b48bdfdf99a8da7\" style=\"color:#27550a;font-size:20px;font-style:normal;font-weight:400\">Digico cr\u00e9e des sites web modernes et des identit\u00e9s visuelles fortes pour aider les marques et entrepreneurs \u00e0 se d\u00e9marquer. Chaque projet est con\u00e7u sur mesure, alliant esth\u00e9tique, performance et simplicit\u00e9.<\/p>\n<\/div><figure class=\"wp-block-media-text__media\"><img loading=\"lazy\" decoding=\"async\" width=\"600\" height=\"400\" src=\"https:\/\/ntremblay.dectim.ca\/digico\/wp-content\/uploads\/2026\/05\/diverse-group-young-professionals-collaborating-600nw-2685146483.webp\" alt=\"\" class=\"wp-image-1411 size-full\" style=\"object-position:50% 50%\" srcset=\"https:\/\/ntremblay.dectim.ca\/digico\/wp-content\/uploads\/2026\/05\/diverse-group-young-professionals-collaborating-600nw-2685146483.webp 600w, https:\/\/ntremblay.dectim.ca\/digico\/wp-content\/uploads\/2026\/05\/diverse-group-young-professionals-collaborating-600nw-2685146483-300x200.webp 300w, https:\/\/ntremblay.dectim.ca\/digico\/wp-content\/uploads\/2026\/05\/diverse-group-young-professionals-collaborating-600nw-2685146483-500x333.webp 500w\" sizes=\"auto, (max-width: 600px) 100vw, 600px\" \/><\/figure><\/div>\n\n\n\n\n\n\n\n\n\n<div class=\"wp-block-getwid-images-slider has-arrows-none has-dots-none is-carousel has-slides-gap-normal has-images-center has-cropped-images alignfull\"><div class=\"wp-block-getwid-images-slider__wrapper\" data-effect=\"slide\" data-slides-show=\"2\" data-slides-show-laptop=\"3\" data-slides-show-tablet=\"2\" data-slides-show-mobile=\"1\" data-slides-scroll=\"1\" data-autoplay=\"true\" data-pause-hover=\"false\" data-autoplay-speed=\"100\" data-infinite=\"true\" data-animation-speed=\"30000\" data-center-mode=\"false\" data-variable-width=\"false\" data-arrows=\"none\" data-dots=\"none\" data-spacing=\"normal\"><div class=\"wp-block-getwid-images-slider__item\"><figure><img loading=\"lazy\" decoding=\"async\" width=\"900\" height=\"450\" src=\"https:\/\/ntremblay.dectim.ca\/digico\/wp-content\/uploads\/2026\/03\/Rectangle-11.png\" alt=\"\" data-id=\"677\" data-link=\"https:\/\/ntremblay.dectim.ca\/digico\/accueil\/rectangle-11-3\/\" data-original-link=\"https:\/\/ntremblay.dectim.ca\/digico\/wp-content\/uploads\/2026\/03\/Rectangle-11.png\" class=\"wp-block-getwid-images-slider__image wp-image-677\" srcset=\"https:\/\/ntremblay.dectim.ca\/digico\/wp-content\/uploads\/2026\/03\/Rectangle-11.png 900w, https:\/\/ntremblay.dectim.ca\/digico\/wp-content\/uploads\/2026\/03\/Rectangle-11-300x150.png 300w, https:\/\/ntremblay.dectim.ca\/digico\/wp-content\/uploads\/2026\/03\/Rectangle-11-768x384.png 768w\" sizes=\"auto, (max-width: 900px) 100vw, 900px\" \/><\/figure><\/div><div class=\"wp-block-getwid-images-slider__item\"><figure><img loading=\"lazy\" decoding=\"async\" width=\"900\" height=\"450\" src=\"https:\/\/ntremblay.dectim.ca\/digico\/wp-content\/uploads\/2026\/03\/Rectangle-10.png\" alt=\"\" data-id=\"675\" data-link=\"https:\/\/ntremblay.dectim.ca\/digico\/accueil\/rectangle-10-2\/\" data-original-link=\"https:\/\/ntremblay.dectim.ca\/digico\/wp-content\/uploads\/2026\/03\/Rectangle-10.png\" class=\"wp-block-getwid-images-slider__image wp-image-675\" srcset=\"https:\/\/ntremblay.dectim.ca\/digico\/wp-content\/uploads\/2026\/03\/Rectangle-10.png 900w, https:\/\/ntremblay.dectim.ca\/digico\/wp-content\/uploads\/2026\/03\/Rectangle-10-300x150.png 300w, https:\/\/ntremblay.dectim.ca\/digico\/wp-content\/uploads\/2026\/03\/Rectangle-10-768x384.png 768w\" sizes=\"auto, (max-width: 900px) 100vw, 900px\" \/><\/figure><\/div><div class=\"wp-block-getwid-images-slider__item\"><figure><img loading=\"lazy\" decoding=\"async\" width=\"900\" height=\"450\" src=\"https:\/\/ntremblay.dectim.ca\/digico\/wp-content\/uploads\/2026\/03\/Rectangle-9.png\" alt=\"\" data-id=\"676\" data-link=\"https:\/\/ntremblay.dectim.ca\/digico\/accueil\/rectangle-9-2\/\" data-original-link=\"https:\/\/ntremblay.dectim.ca\/digico\/wp-content\/uploads\/2026\/03\/Rectangle-9.png\" class=\"wp-block-getwid-images-slider__image wp-image-676\" srcset=\"https:\/\/ntremblay.dectim.ca\/digico\/wp-content\/uploads\/2026\/03\/Rectangle-9.png 900w, https:\/\/ntremblay.dectim.ca\/digico\/wp-content\/uploads\/2026\/03\/Rectangle-9-300x150.png 300w, https:\/\/ntremblay.dectim.ca\/digico\/wp-content\/uploads\/2026\/03\/Rectangle-9-768x384.png 768w\" sizes=\"auto, (max-width: 900px) 100vw, 900px\" \/><\/figure><\/div><\/div><\/div>\n\n\n\n<div style=\"height:68px\" aria-hidden=\"true\" class=\"wp-block-spacer\"><\/div>\n","protected":false},"excerpt":{"rendered":"<p>Avoir un bon visuel et un site web n\u2019est plus une innovation, c&rsquo;est la BASE Une identit\u00e9 visuelle forte et [&hellip;]<\/p>\n","protected":false},"author":1,"featured_media":0,"parent":0,"menu_order":0,"comment_status":"closed","ping_status":"closed","template":"","meta":{"site-sidebar-layout":"default","site-content-layout":"","ast-site-content-layout":"default","site-content-style":"default","site-sidebar-style":"default","ast-global-header-display":"","ast-banner-title-visibility":"","ast-main-header-display":"","ast-hfb-above-header-display":"","ast-hfb-below-header-display":"","ast-hfb-mobile-header-display":"","site-post-title":"disabled","ast-breadcrumbs-content":"","ast-featured-img":"","footer-sml-layout":"","ast-disable-related-posts":"","theme-transparent-header-meta":"","adv-header-id-meta":"","stick-header-meta":"","header-above-stick-meta":"","header-main-stick-meta":"","header-below-stick-meta":"","astra-migrate-meta-layouts":"default","ast-page-background-enabled":"default","ast-page-background-meta":{"desktop":{"background-color":"var(--ast-global-color-5)","background-image":"","background-repeat":"repeat","background-position":"center center","background-size":"auto","background-attachment":"scroll","background-type":"","background-media":"","overlay-type":"","overlay-color":"","overlay-opacity":"","overlay-gradient":""},"tablet":{"background-color":"","background-image":"","background-repeat":"repeat","background-position":"center center","background-size":"auto","background-attachment":"scroll","background-type":"","background-media":"","overlay-type":"","overlay-color":"","overlay-opacity":"","overlay-gradient":""},"mobile":{"background-color":"","background-image":"","background-repeat":"repeat","background-position":"center center","background-size":"auto","background-attachment":"scroll","background-type":"","background-media":"","overlay-type":"","overlay-color":"","overlay-opacity":"","overlay-gradient":""}},"ast-content-background-meta":{"desktop":{"background-color":"var(--ast-global-color-4)","background-image":"","background-repeat":"repeat","background-position":"center center","background-size":"auto","background-attachment":"scroll","background-type":"","background-media":"","overlay-type":"","overlay-color":"","overlay-opacity":"","overlay-gradient":""},"tablet":{"background-color":"var(--ast-global-color-4)","background-image":"","background-repeat":"repeat","background-position":"center center","background-size":"auto","background-attachment":"scroll","background-type":"","background-media":"","overlay-type":"","overlay-color":"","overlay-opacity":"","overlay-gradient":""},"mobile":{"background-color":"var(--ast-global-color-4)","background-image":"","background-repeat":"repeat","background-position":"center center","background-size":"auto","background-attachment":"scroll","background-type":"","background-media":"","overlay-type":"","overlay-color":"","overlay-opacity":"","overlay-gradient":""}},"_themeisle_gutenberg_block_has_review":false,"footnotes":""},"class_list":["post-24","page","type-page","status-publish","hentry"],"_links":{"self":[{"href":"https:\/\/ntremblay.dectim.ca\/digico\/wp-json\/wp\/v2\/pages\/24","targetHints":{"allow":["GET"]}}],"collection":[{"href":"https:\/\/ntremblay.dectim.ca\/digico\/wp-json\/wp\/v2\/pages"}],"about":[{"href":"https:\/\/ntremblay.dectim.ca\/digico\/wp-json\/wp\/v2\/types\/page"}],"author":[{"embeddable":true,"href":"https:\/\/ntremblay.dectim.ca\/digico\/wp-json\/wp\/v2\/users\/1"}],"replies":[{"embeddable":true,"href":"https:\/\/ntremblay.dectim.ca\/digico\/wp-json\/wp\/v2\/comments?post=24"}],"version-history":[{"count":145,"href":"https:\/\/ntremblay.dectim.ca\/digico\/wp-json\/wp\/v2\/pages\/24\/revisions"}],"predecessor-version":[{"id":2018,"href":"https:\/\/ntremblay.dectim.ca\/digico\/wp-json\/wp\/v2\/pages\/24\/revisions\/2018"}],"wp:attachment":[{"href":"https:\/\/ntremblay.dectim.ca\/digico\/wp-json\/wp\/v2\/media?parent=24"}],"curies":[{"name":"wp","href":"https:\/\/api.w.org\/{rel}","templated":true}]}}