{"id":1143,"date":"2026-03-23T11:38:01","date_gmt":"2026-03-23T15:38:01","guid":{"rendered":"https:\/\/ntremblay.dectim.ca\/digico\/?page_id=1143"},"modified":"2026-05-04T00:41:44","modified_gmt":"2026-05-04T04:41:44","slug":"portfolio-loic-bf","status":"publish","type":"page","link":"https:\/\/ntremblay.dectim.ca\/digico\/portfolio-loic-bf\/","title":{"rendered":"Portfolio Lo\u00efc BF"},"content":{"rendered":"\n<div class=\"wp-block-nk-awb nk-awb nk-awb-fullheight nk-awb-content-valign-bottom alignfull has-000000-background-color has-background\" style=\"padding-top:0px;padding-bottom:0px\"><div class=\"nk-awb-wrap\" style=\"background:#000000\" data-awb-type=\"yt_vm_video\" data-awb-video=\"https:\/\/youtu.be\/atKYE5BbF1M\" data-awb-video-start-time=\"5\" data-awb-video-always-play=\"true\" data-awb-video-mobile=\"true\"><div class=\"nk-awb-inner\" style=\"opacity: 0.85;\"><\/div><\/div><div class=\"nk-awb-wrap-content is-content-justification-left is-layout-constrained wp-container-nk-awb-is-layout-507d0b54 wp-block-nk-awb-is-layout-constrained\">\n<div class=\"wp-block-group has-background is-content-justification-center is-layout-constrained wp-container-core-group-is-layout-ea0c8f61 wp-block-group-is-layout-constrained\" style=\"border-top-left-radius:30px;border-top-right-radius:30px;border-bottom-left-radius:30px;border-bottom-right-radius:30px;background-color:#1212128f;margin-top:var(--wp--preset--spacing--60);margin-bottom:var(--wp--preset--spacing--60);padding-top:var(--wp--preset--spacing--20);padding-right:var(--wp--preset--spacing--50);padding-bottom:var(--wp--preset--spacing--40);padding-left:var(--wp--preset--spacing--50)\">\n<h1 class=\"wp-block-heading has-text-align-left has-white-color has-text-color has-link-color wp-elements-86e3f0ef8ba20a0fae87865855ee7011\" style=\"font-size:64px\">Monita Vs B-2<\/h1>\n\n\n\n<h2 class=\"wp-block-heading has-ast-global-color-4-color has-text-color has-link-color wp-elements-99e31698cfd13e4f3c982f185b92a0b4\">Projet de Lo\u00efc BF<\/h2>\n<\/div>\n<\/div><\/div>\n\n\n\n<div class=\"wp-block-group is-content-justification-space-between is-nowrap is-layout-flex wp-container-core-group-is-layout-820ea3ee wp-block-group-is-layout-flex\" style=\"margin-top:50px;margin-bottom:50px;padding-top:0;padding-right:0;padding-bottom:0;padding-left:0\">\n<figure class=\"wp-block-image size-large has-custom-border wp-container-content-ce04b3af\"><img loading=\"lazy\" decoding=\"async\" width=\"1024\" height=\"576\" src=\"https:\/\/ntremblay.dectim.ca\/digico\/wp-content\/uploads\/2026\/05\/IMG_1500-1024x576.png\" alt=\"\" class=\"wp-image-1582\" style=\"border-top-left-radius:30px;border-top-right-radius:30px;border-bottom-left-radius:30px;border-bottom-right-radius:30px;box-shadow:var(--wp--preset--shadow--natural)\" srcset=\"https:\/\/ntremblay.dectim.ca\/digico\/wp-content\/uploads\/2026\/05\/IMG_1500-1024x576.png 1024w, https:\/\/ntremblay.dectim.ca\/digico\/wp-content\/uploads\/2026\/05\/IMG_1500-300x169.png 300w, https:\/\/ntremblay.dectim.ca\/digico\/wp-content\/uploads\/2026\/05\/IMG_1500-768x432.png 768w, https:\/\/ntremblay.dectim.ca\/digico\/wp-content\/uploads\/2026\/05\/IMG_1500-1536x864.png 1536w, https:\/\/ntremblay.dectim.ca\/digico\/wp-content\/uploads\/2026\/05\/IMG_1500-2048x1152.png 2048w, https:\/\/ntremblay.dectim.ca\/digico\/wp-content\/uploads\/2026\/05\/IMG_1500-500x281.png 500w, https:\/\/ntremblay.dectim.ca\/digico\/wp-content\/uploads\/2026\/05\/IMG_1500-800x450.png 800w, https:\/\/ntremblay.dectim.ca\/digico\/wp-content\/uploads\/2026\/05\/IMG_1500-1280x720.png 1280w, https:\/\/ntremblay.dectim.ca\/digico\/wp-content\/uploads\/2026\/05\/IMG_1500-1920x1080.png 1920w\" sizes=\"auto, (max-width: 1024px) 100vw, 1024px\" \/><\/figure>\n\n\n\n<div class=\"wp-block-group is-vertical is-content-justification-stretch is-layout-flex wp-container-core-group-is-layout-353c4f5a wp-block-group-is-layout-flex\">\n<h2 class=\"wp-block-heading\">Contexte<\/h2>\n\n\n\n<p>Lorsque le professeur a pr\u00e9sent\u00e9 le projet, je savais d\u00e9j\u00e0 que j&rsquo;allais transformer un de mes personnages en 3D. J&rsquo;avais le choix de plusieurs de mes personnages que je voulais transformer en 3D mais j&rsquo;ai d\u00fb choisir en termes de simplicit\u00e9. Je ne devais pas prendre quelque chose de compliqu\u00e9 \u00e0 refaire. Alors, j&rsquo;ai d\u00e9cid\u00e9 de prendre Monita, l&rsquo;un de mes personnages de la s\u00e9rie que je voudrais animer dans le futur. Ce choix a \u00e9t\u00e9 fait pour plusieurs raisons, mais la plus grande de cette raison est la simplicit\u00e9 du personnage.<\/p>\n<\/div>\n<\/div>\n\n\n\n<div class=\"wp-block-group is-content-justification-space-between is-nowrap is-layout-flex wp-container-core-group-is-layout-e1fa7266 wp-block-group-is-layout-flex\" style=\"margin-top:50px;margin-bottom:50px;padding-top:0;padding-right:0;padding-bottom:0;padding-left:0\">\n<div class=\"wp-block-group is-vertical is-layout-flex wp-container-core-group-is-layout-fe9cc265 wp-block-group-is-layout-flex\">\n<h2 class=\"wp-block-heading\">S<strong>c\u00e9narimage<\/strong><\/h2>\n\n\n\n<p>A chaque animation, il est tr\u00e8s important de faire un <strong>sc\u00e9narimage<\/strong>. Cela m&rsquo;aide \u00e0 mieux visualiser mon projet. \u00c0 cause de mon imagination d\u00e9bordante, il arrive que je m&#8217;emporte avec les id\u00e9es et j&rsquo;oublie ce que je sais faire. Mais cela me permet de m&rsquo;am\u00e9liorer et de d\u00e9couvrir de nouvelles techniques. Aussi, \u00e7a me permet de faire de la recherche de ce que je cherche et de travailler mon sens de la recherche. J&rsquo;ai eu beaucoup de fun \u00e0 regarder des tutoriels sur Youtube.<\/p>\n\n\n\n<p>Ce sc\u00e9narimage est vraiment simple montre aussi \u00e0 quelle point le travail est simple a produit. Aussi, un bon sc\u00e9narimage aide le prof a comprendre les id\u00e9e des \u00e9l\u00e8ves pour les encourager ou \u00e0 les emp\u00eacher de cr\u00e9er quelque chose de trop ambitieux. Il faut se rappeler que nous n&rsquo;avons pas beaucoup de temps pour cr\u00e9er et produire notre animation. Nous avions <strong>1 mois<\/strong> pour faire ce travail.<\/p>\n<\/div>\n\n\n\n<figure class=\"wp-block-image size-full wp-container-content-13ccae78\"><img loading=\"lazy\" decoding=\"async\" width=\"465\" height=\"488\" src=\"https:\/\/ntremblay.dectim.ca\/digico\/wp-content\/uploads\/2026\/02\/Group-4.png\" alt=\"\" class=\"wp-image-387\" srcset=\"https:\/\/ntremblay.dectim.ca\/digico\/wp-content\/uploads\/2026\/02\/Group-4.png 465w, https:\/\/ntremblay.dectim.ca\/digico\/wp-content\/uploads\/2026\/02\/Group-4-286x300.png 286w\" sizes=\"auto, (max-width: 465px) 100vw, 465px\" \/><\/figure>\n<\/div>\n\n\n\n<div class=\"wp-block-group is-layout-constrained wp-container-core-group-is-layout-56923486 wp-block-group-is-layout-constrained\" style=\"padding-right:0;padding-left:0\">\n<hr class=\"wp-block-separator has-text-color has-ast-global-color-1-color has-alpha-channel-opacity has-ast-global-color-1-background-color has-background is-style-wide\"\/>\n\n\n\n<h2 class=\"wp-block-heading has-text-align-center\">Processus<\/h2>\n\n\n\n<div class=\"wp-block-group is-layout-grid wp-container-core-group-is-layout-988b637e wp-block-group-is-layout-grid\">\n<div class=\"wp-block-group is-vertical is-content-justification-center is-layout-flex wp-container-core-group-is-layout-ce155fab wp-block-group-is-layout-flex\">\n<figure class=\"wp-block-image size-full\"><img loading=\"lazy\" decoding=\"async\" width=\"768\" height=\"1024\" src=\"https:\/\/ntremblay.dectim.ca\/digico\/wp-content\/uploads\/2026\/05\/8DC9919E-7BCB-4A53-92EA-BC262A7E91D1_1_105_c.jpeg\" alt=\"\" class=\"wp-image-1586\" style=\"aspect-ratio:1;object-fit:cover\" srcset=\"https:\/\/ntremblay.dectim.ca\/digico\/wp-content\/uploads\/2026\/05\/8DC9919E-7BCB-4A53-92EA-BC262A7E91D1_1_105_c.jpeg 768w, https:\/\/ntremblay.dectim.ca\/digico\/wp-content\/uploads\/2026\/05\/8DC9919E-7BCB-4A53-92EA-BC262A7E91D1_1_105_c-225x300.jpeg 225w, https:\/\/ntremblay.dectim.ca\/digico\/wp-content\/uploads\/2026\/05\/8DC9919E-7BCB-4A53-92EA-BC262A7E91D1_1_105_c-500x667.jpeg 500w\" sizes=\"auto, (max-width: 768px) 100vw, 768px\" \/><\/figure>\n\n\n\n<h3 class=\"wp-block-heading\">Cr\u00e9ation<\/h3>\n\n\n\n<p>Pendant mon processus de cr\u00e9ation j&rsquo;ai eu quelques complications mais rien de grave. Ma plus grosse difficult\u00e9 a \u00e9t\u00e9 de faire les mains de Monita. Pour je ne sais pas quelle raison, la main gauche ne voulait pas se d\u00e9former correctement. Par contre, la maison gauche fonctionne \u00e0 merveille.<\/p>\n<\/div>\n\n\n\n<div class=\"wp-block-group is-vertical is-content-justification-center is-layout-flex wp-container-core-group-is-layout-5e763914 wp-block-group-is-layout-flex\">\n<figure class=\"wp-block-image size-large\"><img loading=\"lazy\" decoding=\"async\" width=\"1024\" height=\"768\" src=\"https:\/\/ntremblay.dectim.ca\/digico\/wp-content\/uploads\/2026\/05\/IMG_1517-1024x768.jpg\" alt=\"\" class=\"wp-image-1594\" style=\"aspect-ratio:1;object-fit:cover\" srcset=\"https:\/\/ntremblay.dectim.ca\/digico\/wp-content\/uploads\/2026\/05\/IMG_1517-1024x768.jpg 1024w, https:\/\/ntremblay.dectim.ca\/digico\/wp-content\/uploads\/2026\/05\/IMG_1517-300x225.jpg 300w, https:\/\/ntremblay.dectim.ca\/digico\/wp-content\/uploads\/2026\/05\/IMG_1517-768x576.jpg 768w, https:\/\/ntremblay.dectim.ca\/digico\/wp-content\/uploads\/2026\/05\/IMG_1517-1536x1151.jpg 1536w, https:\/\/ntremblay.dectim.ca\/digico\/wp-content\/uploads\/2026\/05\/IMG_1517-2048x1535.jpg 2048w, https:\/\/ntremblay.dectim.ca\/digico\/wp-content\/uploads\/2026\/05\/IMG_1517-500x375.jpg 500w, https:\/\/ntremblay.dectim.ca\/digico\/wp-content\/uploads\/2026\/05\/IMG_1517-800x600.jpg 800w, https:\/\/ntremblay.dectim.ca\/digico\/wp-content\/uploads\/2026\/05\/IMG_1517-1280x960.jpg 1280w, https:\/\/ntremblay.dectim.ca\/digico\/wp-content\/uploads\/2026\/05\/IMG_1517-1920x1439.jpg 1920w\" sizes=\"auto, (max-width: 1024px) 100vw, 1024px\" \/><\/figure>\n\n\n\n<h3 class=\"wp-block-heading\">Texture<\/h3>\n\n\n\n<p>La cr\u00e9ation des textures a \u00e9t\u00e9 tr\u00e8s amusante dans le d\u00e9roulement du projet. Toute ce qui \u00e9tait expression des personnages a \u00e9t\u00e9 fait sur Procreate.<\/p>\n<\/div>\n\n\n\n<div class=\"wp-block-group is-vertical is-content-justification-center is-layout-flex wp-container-core-group-is-layout-ce155fab wp-block-group-is-layout-flex\">\n<figure class=\"wp-block-image size-large\"><img loading=\"lazy\" decoding=\"async\" width=\"1024\" height=\"642\" src=\"https:\/\/ntremblay.dectim.ca\/digico\/wp-content\/uploads\/2026\/05\/Capture-decran-le-2026-05-02-a-12.52.55-a.m-1024x642.png\" alt=\"\" class=\"wp-image-1587\" style=\"aspect-ratio:1;object-fit:cover\" srcset=\"https:\/\/ntremblay.dectim.ca\/digico\/wp-content\/uploads\/2026\/05\/Capture-decran-le-2026-05-02-a-12.52.55-a.m-1024x642.png 1024w, https:\/\/ntremblay.dectim.ca\/digico\/wp-content\/uploads\/2026\/05\/Capture-decran-le-2026-05-02-a-12.52.55-a.m-300x188.png 300w, https:\/\/ntremblay.dectim.ca\/digico\/wp-content\/uploads\/2026\/05\/Capture-decran-le-2026-05-02-a-12.52.55-a.m-768x482.png 768w, https:\/\/ntremblay.dectim.ca\/digico\/wp-content\/uploads\/2026\/05\/Capture-decran-le-2026-05-02-a-12.52.55-a.m-1536x964.png 1536w, https:\/\/ntremblay.dectim.ca\/digico\/wp-content\/uploads\/2026\/05\/Capture-decran-le-2026-05-02-a-12.52.55-a.m-2048x1285.png 2048w, https:\/\/ntremblay.dectim.ca\/digico\/wp-content\/uploads\/2026\/05\/Capture-decran-le-2026-05-02-a-12.52.55-a.m-500x314.png 500w, https:\/\/ntremblay.dectim.ca\/digico\/wp-content\/uploads\/2026\/05\/Capture-decran-le-2026-05-02-a-12.52.55-a.m-800x502.png 800w, https:\/\/ntremblay.dectim.ca\/digico\/wp-content\/uploads\/2026\/05\/Capture-decran-le-2026-05-02-a-12.52.55-a.m-1280x803.png 1280w, https:\/\/ntremblay.dectim.ca\/digico\/wp-content\/uploads\/2026\/05\/Capture-decran-le-2026-05-02-a-12.52.55-a.m-1920x1204.png 1920w\" sizes=\"auto, (max-width: 1024px) 100vw, 1024px\" \/><\/figure>\n\n\n\n<h3 class=\"wp-block-heading\">Animation<\/h3>\n\n\n\n<p>Je crois que la cr\u00e9ation des animation a \u00e9tait une de mes parti pr\u00e9f\u00e9r\u00e9 dans la cr\u00e9ation du projet. Voir mes personnages prendre vie est toujours une phase incroyable dans ce genre de projet. Donner des \u00e9motions \u00e0 un mod\u00e8le 3D a toujours \u00e9t\u00e9 une de mes passions.<\/p>\n<\/div>\n<\/div>\n<\/div>\n\n\n\n<div class=\"wp-block-group has-ast-global-color-1-background-color has-background is-content-justification-space-between is-nowrap is-layout-flex wp-container-core-group-is-layout-01e2693d wp-block-group-is-layout-flex\" style=\"border-top-left-radius:30px;border-top-right-radius:30px;border-bottom-left-radius:30px;border-bottom-right-radius:30px;margin-top:50px;margin-bottom:50px;padding-top:var(--wp--preset--spacing--50);padding-right:var(--wp--preset--spacing--60);padding-bottom:var(--wp--preset--spacing--50);padding-left:var(--wp--preset--spacing--60)\">\n<div class=\"wp-block-group animated zoomIn is-content-justification-space-between is-nowrap is-layout-flex wp-container-core-group-is-layout-5065c635 wp-block-group-is-layout-flex\" style=\"padding-top:0;padding-right:0;padding-bottom:0;padding-left:0\">\n<figure class=\"wp-block-image size-full\"><img loading=\"lazy\" decoding=\"async\" width=\"64\" height=\"64\" src=\"https:\/\/ntremblay.dectim.ca\/digico\/wp-content\/uploads\/2026\/05\/iconfolio3-1.png\" alt=\"\" class=\"wp-image-1588\"\/><\/figure>\n\n\n\n<div class=\"wp-block-group is-vertical is-layout-flex wp-container-core-group-is-layout-4e62386e wp-block-group-is-layout-flex\" style=\"padding-top:0;padding-right:0;padding-bottom:0;padding-left:0\">\n<h2 class=\"wp-block-heading has-ast-global-color-6-color has-text-color has-link-color wp-elements-15f129971a354d8fd2127dd151269c6e\">Blender<\/h2>\n\n\n\n<p>principal<\/p>\n<\/div>\n<\/div>\n\n\n\n<div class=\"wp-block-group animated zoomIn is-horizontal is-content-justification-space-between is-nowrap is-layout-flex wp-container-core-group-is-layout-e71404be wp-block-group-is-layout-flex\" style=\"padding-top:0;padding-right:0;padding-bottom:0;padding-left:0\">\n<figure class=\"wp-block-image size-full\"><img loading=\"lazy\" decoding=\"async\" width=\"64\" height=\"64\" src=\"https:\/\/ntremblay.dectim.ca\/digico\/wp-content\/uploads\/2026\/05\/iconfolio6-2.png\" alt=\"\" class=\"wp-image-1589\"\/><\/figure>\n\n\n\n<div class=\"wp-block-group is-vertical is-layout-flex wp-container-core-group-is-layout-4e62386e wp-block-group-is-layout-flex\" style=\"padding-top:0;padding-right:0;padding-bottom:0;padding-left:0\">\n<h2 class=\"wp-block-heading has-ast-global-color-6-color has-text-color has-link-color wp-elements-3138583a1699e6396feb84ccee83e20f\">Davinci R<\/h2>\n\n\n\n<p>Montage<\/p>\n<\/div>\n<\/div>\n\n\n\n<div class=\"wp-block-group animated zoomIn is-horizontal is-content-justification-space-between is-nowrap is-layout-flex wp-container-core-group-is-layout-e71404be wp-block-group-is-layout-flex\" style=\"padding-top:0;padding-right:0;padding-bottom:0;padding-left:0\">\n<figure class=\"wp-block-image size-full\"><img loading=\"lazy\" decoding=\"async\" width=\"64\" height=\"64\" src=\"https:\/\/ntremblay.dectim.ca\/digico\/wp-content\/uploads\/2026\/05\/iconfolio4-1.png\" alt=\"\" class=\"wp-image-1560\"\/><\/figure>\n\n\n\n<div class=\"wp-block-group is-vertical is-layout-flex wp-container-core-group-is-layout-4e62386e wp-block-group-is-layout-flex\" style=\"padding-top:0;padding-right:0;padding-bottom:0;padding-left:0\">\n<h2 class=\"wp-block-heading has-ast-global-color-6-color has-text-color has-link-color wp-elements-67247836a640d03e2e55de97fe698814\">Procreate<\/h2>\n\n\n\n<p>Texture<\/p>\n<\/div>\n<\/div>\n<\/div>\n\n\n\n<div class=\"wp-block-group has-border-color has-ast-global-color-1-border-color has-ast-global-color-1-background-color has-background is-vertical is-content-justification-stretch is-layout-flex wp-container-core-group-is-layout-4c611bac wp-block-group-is-layout-flex\" style=\"border-width:1px;border-top-left-radius:30px;border-top-right-radius:30px;border-bottom-left-radius:30px;border-bottom-right-radius:30px;margin-top:2rem;margin-bottom:2rem;padding-top:var(--wp--preset--spacing--60);padding-right:var(--wp--preset--spacing--60);padding-bottom:var(--wp--preset--spacing--60);padding-left:var(--wp--preset--spacing--60)\">\n<h2 class=\"wp-block-heading has-text-align-left has-ast-global-color-5-color has-text-color has-link-color wp-elements-3d8ea93e4d9c624ed61470dfa8dcbb77\" style=\"font-size:100px\">Cr\u00e9dit<\/h2>\n\n\n\n<div class=\"wp-block-group alignwide is-layout-grid wp-container-core-group-is-layout-d8c4a1bc wp-block-group-is-layout-grid\">\n<div class=\"wp-block-group alignwide is-vertical is-content-justification-stretch is-layout-flex wp-container-core-group-is-layout-7e003bba wp-block-group-is-layout-flex\">\n<h2 class=\"wp-block-heading has-ast-global-color-3-color has-text-color has-link-color wp-elements-96eaf1b5855efb49023dd7a177f007ca\">Aider par C\u00e9dric Corriveau-Mercier<\/h2>\n\n\n\n<hr class=\"wp-block-separator alignwide has-text-color has-ast-global-color-6-color has-alpha-channel-opacity has-ast-global-color-6-background-color has-background is-style-wide\" style=\"margin-top:0;margin-bottom:0\"\/>\n\n\n\n<p class=\"has-ast-global-color-6-color has-text-color has-link-color has-medium-font-size wp-elements-1a7aaa39e6d697e82a1a78dcefecf966\">Ma beaucoup aider a r\u00e9aliser ce projet et a me d\u00e9bloquer <\/p>\n<\/div>\n\n\n\n<div class=\"wp-block-group alignwide is-vertical is-content-justification-stretch is-layout-flex wp-container-core-group-is-layout-7e003bba wp-block-group-is-layout-flex\">\n<h2 class=\"wp-block-heading has-ast-global-color-6-color has-text-color has-link-color wp-elements-6dfa4075f73c5b7a177252b7360133ba\">L&rsquo;utilisation de l&rsquo;ordinateur de mon fr\u00e8re<\/h2>\n\n\n\n<hr class=\"wp-block-separator alignwide has-text-color has-ast-global-color-3-color has-alpha-channel-opacity has-ast-global-color-3-background-color has-background is-style-wide\" style=\"margin-top:0;margin-bottom:0\"\/>\n\n\n\n<p class=\"has-ast-global-color-6-color has-text-color has-link-color has-medium-font-size wp-elements-c5e3221947263d361d8342e1497c385d\">Sans l&rsquo;ordinateur de mon fr\u00e8re ce projet n&rsquo;aurait pas vu le jour<\/p>\n<\/div>\n<\/div>\n<\/div>\n","protected":false},"excerpt":{"rendered":"<p>Contexte Lorsque le professeur a pr\u00e9sent\u00e9 le projet, je savais d\u00e9j\u00e0 que j&rsquo;allais transformer un de mes personnages en 3D. [&hellip;]<\/p>\n","protected":false},"author":3,"featured_media":0,"parent":0,"menu_order":0,"comment_status":"closed","ping_status":"closed","template":"","meta":{"site-sidebar-layout":"default","site-content-layout":"","ast-site-content-layout":"default","site-content-style":"default","site-sidebar-style":"default","ast-global-header-display":"","ast-banner-title-visibility":"","ast-main-header-display":"","ast-hfb-above-header-display":"","ast-hfb-below-header-display":"","ast-hfb-mobile-header-display":"","site-post-title":"disabled","ast-breadcrumbs-content":"","ast-featured-img":"","footer-sml-layout":"","ast-disable-related-posts":"","theme-transparent-header-meta":"","adv-header-id-meta":"","stick-header-meta":"","header-above-stick-meta":"","header-main-stick-meta":"","header-below-stick-meta":"","astra-migrate-meta-layouts":"default","ast-page-background-enabled":"default","ast-page-background-meta":{"desktop":{"background-color":"var(--ast-global-color-5)","background-image":"","background-repeat":"repeat","background-position":"center center","background-size":"auto","background-attachment":"scroll","background-type":"","background-media":"","overlay-type":"","overlay-color":"","overlay-opacity":"","overlay-gradient":""},"tablet":{"background-color":"","background-image":"","background-repeat":"repeat","background-position":"center center","background-size":"auto","background-attachment":"scroll","background-type":"","background-media":"","overlay-type":"","overlay-color":"","overlay-opacity":"","overlay-gradient":""},"mobile":{"background-color":"","background-image":"","background-repeat":"repeat","background-position":"center center","background-size":"auto","background-attachment":"scroll","background-type":"","background-media":"","overlay-type":"","overlay-color":"","overlay-opacity":"","overlay-gradient":""}},"ast-content-background-meta":{"desktop":{"background-color":"var(--ast-global-color-4)","background-image":"","background-repeat":"repeat","background-position":"center center","background-size":"auto","background-attachment":"scroll","background-type":"","background-media":"","overlay-type":"","overlay-color":"","overlay-opacity":"","overlay-gradient":""},"tablet":{"background-color":"var(--ast-global-color-4)","background-image":"","background-repeat":"repeat","background-position":"center center","background-size":"auto","background-attachment":"scroll","background-type":"","background-media":"","overlay-type":"","overlay-color":"","overlay-opacity":"","overlay-gradient":""},"mobile":{"background-color":"var(--ast-global-color-4)","background-image":"","background-repeat":"repeat","background-position":"center center","background-size":"auto","background-attachment":"scroll","background-type":"","background-media":"","overlay-type":"","overlay-color":"","overlay-opacity":"","overlay-gradient":""}},"_themeisle_gutenberg_block_has_review":false,"footnotes":""},"class_list":["post-1143","page","type-page","status-publish","hentry"],"_links":{"self":[{"href":"https:\/\/ntremblay.dectim.ca\/digico\/wp-json\/wp\/v2\/pages\/1143","targetHints":{"allow":["GET"]}}],"collection":[{"href":"https:\/\/ntremblay.dectim.ca\/digico\/wp-json\/wp\/v2\/pages"}],"about":[{"href":"https:\/\/ntremblay.dectim.ca\/digico\/wp-json\/wp\/v2\/types\/page"}],"author":[{"embeddable":true,"href":"https:\/\/ntremblay.dectim.ca\/digico\/wp-json\/wp\/v2\/users\/3"}],"replies":[{"embeddable":true,"href":"https:\/\/ntremblay.dectim.ca\/digico\/wp-json\/wp\/v2\/comments?post=1143"}],"version-history":[{"count":40,"href":"https:\/\/ntremblay.dectim.ca\/digico\/wp-json\/wp\/v2\/pages\/1143\/revisions"}],"predecessor-version":[{"id":1835,"href":"https:\/\/ntremblay.dectim.ca\/digico\/wp-json\/wp\/v2\/pages\/1143\/revisions\/1835"}],"wp:attachment":[{"href":"https:\/\/ntremblay.dectim.ca\/digico\/wp-json\/wp\/v2\/media?parent=1143"}],"curies":[{"name":"wp","href":"https:\/\/api.w.org\/{rel}","templated":true}]}}